{"id":722,"date":"2024-10-31T15:39:40","date_gmt":"2024-10-31T15:39:40","guid":{"rendered":"https:\/\/lviremes.fi\/?page_id=722"},"modified":"2024-11-03T14:34:59","modified_gmt":"2024-11-03T14:34:59","slug":"palvelut-2","status":"publish","type":"page","link":"https:\/\/lviremes.fi\/index.php\/palvelut-2\/","title":{"rendered":"Putkimiespalvelut"},"content":{"rendered":"\n<div class=\"wp-block-columns is-layout-flex wp-container-core-columns-is-layout-9d6595d7 wp-block-columns-is-layout-flex\">\n<div class=\"wp-block-column is-layout-flow wp-block-column-is-layout-flow\">\n<div class=\"wp-block-cover\"><span aria-hidden=\"true\" class=\"wp-block-cover__background has-background-dim\"><\/span><img fetchpriority=\"high\" decoding=\"async\" width=\"454\" height=\"1024\" class=\"wp-block-cover__image-background wp-image-192\" alt=\"\" src=\"https:\/\/lviremes.fi\/wp-content\/uploads\/2023\/04\/20211222_100430-454x1024.jpg\" data-object-fit=\"cover\" srcset=\"https:\/\/lviremes.fi\/wp-content\/uploads\/2023\/04\/20211222_100430-454x1024.jpg 454w, https:\/\/lviremes.fi\/wp-content\/uploads\/2023\/04\/20211222_100430-133x300.jpg 133w, https:\/\/lviremes.fi\/wp-content\/uploads\/2023\/04\/20211222_100430-768x1732.jpg 768w, https:\/\/lviremes.fi\/wp-content\/uploads\/2023\/04\/20211222_100430-681x1536.jpg 681w, https:\/\/lviremes.fi\/wp-content\/uploads\/2023\/04\/20211222_100430-908x2048.jpg 908w, https:\/\/lviremes.fi\/wp-content\/uploads\/2023\/04\/20211222_100430-scaled.jpg 1135w\" sizes=\"(max-width: 454px) 100vw, 454px\" \/><div class=\"wp-block-cover__inner-container is-layout-flow wp-block-cover-is-layout-flow\">\n<p class=\"has-text-align-center has-large-font-size\"><a href=\"https:\/\/lviremes.fi\/index.php\/kayttovesiputkisto-asennus\/\">K\u00e4ytt\u00f6vesi<\/a><\/p>\n<\/div><\/div>\n<\/div>\n\n\n\n<div class=\"wp-block-column is-layout-flow wp-block-column-is-layout-flow\">\n<div class=\"wp-block-cover\"><span aria-hidden=\"true\" class=\"wp-block-cover__background has-background-dim\"><\/span><img decoding=\"async\" width=\"461\" height=\"1024\" class=\"wp-block-cover__image-background wp-image-715\" alt=\"\" src=\"https:\/\/lviremes.fi\/wp-content\/uploads\/2024\/10\/20220103_113228-461x1024.jpg\" data-object-fit=\"cover\" srcset=\"https:\/\/lviremes.fi\/wp-content\/uploads\/2024\/10\/20220103_113228-461x1024.jpg 461w, https:\/\/lviremes.fi\/wp-content\/uploads\/2024\/10\/20220103_113228-135x300.jpg 135w, https:\/\/lviremes.fi\/wp-content\/uploads\/2024\/10\/20220103_113228-768x1705.jpg 768w, https:\/\/lviremes.fi\/wp-content\/uploads\/2024\/10\/20220103_113228-692x1536.jpg 692w, https:\/\/lviremes.fi\/wp-content\/uploads\/2024\/10\/20220103_113228-922x2048.jpg 922w, https:\/\/lviremes.fi\/wp-content\/uploads\/2024\/10\/20220103_113228-scaled.jpg 1153w\" sizes=\"(max-width: 461px) 100vw, 461px\" \/><div class=\"wp-block-cover__inner-container is-layout-flow wp-block-cover-is-layout-flow\">\n<p class=\"has-text-align-center has-large-font-size\"><a href=\"https:\/\/lviremes.fi\/index.php\/lammitysjarjestelmat\/\">L\u00e4mmitys<\/a><\/p>\n<\/div><\/div>\n<\/div>\n\n\n\n<div class=\"wp-block-column is-layout-flow wp-block-column-is-layout-flow\">\n<div class=\"wp-block-cover\"><span aria-hidden=\"true\" class=\"wp-block-cover__background has-background-dim\"><\/span><img decoding=\"async\" width=\"612\" height=\"1024\" class=\"wp-block-cover__image-background wp-image-716\" alt=\"\" src=\"https:\/\/lviremes.fi\/wp-content\/uploads\/2024\/10\/klpakt-1-612x1024.jpg\" data-object-fit=\"cover\" srcset=\"https:\/\/lviremes.fi\/wp-content\/uploads\/2024\/10\/klpakt-1-612x1024.jpg 612w, https:\/\/lviremes.fi\/wp-content\/uploads\/2024\/10\/klpakt-1-179x300.jpg 179w, https:\/\/lviremes.fi\/wp-content\/uploads\/2024\/10\/klpakt-1-768x1284.jpg 768w, https:\/\/lviremes.fi\/wp-content\/uploads\/2024\/10\/klpakt-1-919x1536.jpg 919w, https:\/\/lviremes.fi\/wp-content\/uploads\/2024\/10\/klpakt-1-1225x2048.jpg 1225w, https:\/\/lviremes.fi\/wp-content\/uploads\/2024\/10\/klpakt-1.jpg 1250w\" sizes=\"(max-width: 612px) 100vw, 612px\" \/><div class=\"wp-block-cover__inner-container is-layout-flow wp-block-cover-is-layout-flow\">\n<p class=\"has-text-align-center has-large-font-size\"><a href=\"https:\/\/lviremes.fi\/index.php\/kaukolampo\/\">Kaukol\u00e4mp\u00f6<\/a><\/p>\n<\/div><\/div>\n<\/div>\n<\/div>\n\n\n\n<div class=\"wp-block-columns is-layout-flex wp-container-core-columns-is-layout-9d6595d7 wp-block-columns-is-layout-flex\">\n<div class=\"wp-block-column is-layout-flow wp-block-column-is-layout-flow\">\n<div class=\"wp-block-cover\"><span aria-hidden=\"true\" class=\"wp-block-cover__background has-background-dim\"><\/span><img loading=\"lazy\" decoding=\"async\" width=\"1024\" height=\"518\" class=\"wp-block-cover__image-background wp-image-373\" alt=\"\" src=\"https:\/\/lviremes.fi\/wp-content\/uploads\/2023\/11\/altherma-3h-ht-combination-1024x518.png\" data-object-fit=\"cover\" srcset=\"https:\/\/lviremes.fi\/wp-content\/uploads\/2023\/11\/altherma-3h-ht-combination-1024x518.png 1024w, https:\/\/lviremes.fi\/wp-content\/uploads\/2023\/11\/altherma-3h-ht-combination-300x152.png 300w, https:\/\/lviremes.fi\/wp-content\/uploads\/2023\/11\/altherma-3h-ht-combination-768x389.png 768w, https:\/\/lviremes.fi\/wp-content\/uploads\/2023\/11\/altherma-3h-ht-combination.png 1280w\" sizes=\"(max-width: 767px) 89vw, (max-width: 1000px) 54vw, (max-width: 1071px) 543px, 580px\" \/><div class=\"wp-block-cover__inner-container is-layout-flow wp-block-cover-is-layout-flow\">\n<p class=\"has-text-align-center has-large-font-size\"><a href=\"https:\/\/lviremes.fi\/index.php\/ilma-vesi-lampopumput\/\">Ilma vesi-l\u00e4mp\u00f6pumput<\/a><\/p>\n<\/div><\/div>\n<\/div>\n\n\n\n<div class=\"wp-block-column is-layout-flow wp-block-column-is-layout-flow\">\n<div class=\"wp-block-cover\"><span aria-hidden=\"true\" class=\"wp-block-cover__background has-background-dim\"><\/span><img loading=\"lazy\" decoding=\"async\" width=\"1024\" height=\"682\" class=\"wp-block-cover__image-background wp-image-186\" alt=\"\" src=\"https:\/\/lviremes.fi\/wp-content\/uploads\/2023\/04\/maalampo-Daikin-Altherma-lampokaivo-1024x682.jpg\" data-object-fit=\"cover\" srcset=\"https:\/\/lviremes.fi\/wp-content\/uploads\/2023\/04\/maalampo-Daikin-Altherma-lampokaivo-1024x682.jpg 1024w, https:\/\/lviremes.fi\/wp-content\/uploads\/2023\/04\/maalampo-Daikin-Altherma-lampokaivo-300x200.jpg 300w, https:\/\/lviremes.fi\/wp-content\/uploads\/2023\/04\/maalampo-Daikin-Altherma-lampokaivo-768x512.jpg 768w, https:\/\/lviremes.fi\/wp-content\/uploads\/2023\/04\/maalampo-Daikin-Altherma-lampokaivo-1536x1023.jpg 1536w, https:\/\/lviremes.fi\/wp-content\/uploads\/2023\/04\/maalampo-Daikin-Altherma-lampokaivo.jpg 2001w\" sizes=\"(max-width: 767px) 89vw, (max-width: 1000px) 54vw, (max-width: 1071px) 543px, 580px\" \/><div class=\"wp-block-cover__inner-container is-layout-flow wp-block-cover-is-layout-flow\">\n<p class=\"has-text-align-center has-large-font-size\"><a href=\"https:\/\/lviremes.fi\/index.php\/maalampo\/\">Maal\u00e4mp\u00f6<\/a><\/p>\n<\/div><\/div>\n<\/div>\n\n\n\n<div class=\"wp-block-column is-layout-flow wp-block-column-is-layout-flow\">\n<div class=\"wp-block-cover\"><span aria-hidden=\"true\" class=\"wp-block-cover__background has-background-dim\"><\/span><img loading=\"lazy\" decoding=\"async\" width=\"1024\" height=\"511\" class=\"wp-block-cover__image-background wp-image-723\" alt=\"\" src=\"https:\/\/lviremes.fi\/wp-content\/uploads\/2024\/10\/3-MSZ-wall-mounted-units-v2-1024x511.jpg\" data-object-fit=\"cover\" srcset=\"https:\/\/lviremes.fi\/wp-content\/uploads\/2024\/10\/3-MSZ-wall-mounted-units-v2-1024x511.jpg 1024w, https:\/\/lviremes.fi\/wp-content\/uploads\/2024\/10\/3-MSZ-wall-mounted-units-v2-300x150.jpg 300w, https:\/\/lviremes.fi\/wp-content\/uploads\/2024\/10\/3-MSZ-wall-mounted-units-v2-768x383.jpg 768w, https:\/\/lviremes.fi\/wp-content\/uploads\/2024\/10\/3-MSZ-wall-mounted-units-v2-1536x766.jpg 1536w, https:\/\/lviremes.fi\/wp-content\/uploads\/2024\/10\/3-MSZ-wall-mounted-units-v2-2048x1021.jpg 2048w\" sizes=\"(max-width: 767px) 89vw, (max-width: 1000px) 54vw, (max-width: 1071px) 543px, 580px\" \/><div class=\"wp-block-cover__inner-container is-layout-flow wp-block-cover-is-layout-flow\">\n<p class=\"has-text-align-center has-large-font-size\"><a href=\"https:\/\/lviremes.fi\/index.php\/ilmalampopumput\/\">Ilmal\u00e4mp\u00f6pumput<\/a><\/p>\n<\/div><\/div>\n<\/div>\n<\/div>\n\n\n\n<div class=\"wp-block-columns is-layout-flex wp-container-core-columns-is-layout-9d6595d7 wp-block-columns-is-layout-flex\">\n<div class=\"wp-block-column is-layout-flow wp-block-column-is-layout-flow\">\n<div class=\"wp-block-cover\"><span aria-hidden=\"true\" class=\"wp-block-cover__background has-background-dim\"><\/span><img loading=\"lazy\" decoding=\"async\" width=\"576\" height=\"1024\" class=\"wp-block-cover__image-background wp-image-41\" alt=\"\" src=\"https:\/\/lviremes.fi\/wp-content\/uploads\/2022\/09\/20220812_132112-576x1024.jpg\" data-object-fit=\"cover\" srcset=\"https:\/\/lviremes.fi\/wp-content\/uploads\/2022\/09\/20220812_132112-576x1024.jpg 576w, https:\/\/lviremes.fi\/wp-content\/uploads\/2022\/09\/20220812_132112-169x300.jpg 169w, https:\/\/lviremes.fi\/wp-content\/uploads\/2022\/09\/20220812_132112-768x1365.jpg 768w, https:\/\/lviremes.fi\/wp-content\/uploads\/2022\/09\/20220812_132112-864x1536.jpg 864w, https:\/\/lviremes.fi\/wp-content\/uploads\/2022\/09\/20220812_132112-1152x2048.jpg 1152w, https:\/\/lviremes.fi\/wp-content\/uploads\/2022\/09\/20220812_132112-scaled.jpg 1440w\" sizes=\"(max-width: 576px) 100vw, 576px\" \/><div class=\"wp-block-cover__inner-container is-layout-flow wp-block-cover-is-layout-flow\">\n<p class=\"has-text-align-center has-large-font-size\"><a href=\"https:\/\/lviremes.fi\/index.php\/huolto\/\">Huolto<\/a><\/p>\n\n\n\n<p><\/p>\n<\/div><\/div>\n<\/div>\n\n\n\n<div class=\"wp-block-column is-layout-flow wp-block-column-is-layout-flow\">\n<div class=\"wp-block-cover\"><span aria-hidden=\"true\" class=\"wp-block-cover__background has-background-dim\"><\/span><img loading=\"lazy\" decoding=\"async\" width=\"1024\" height=\"1024\" class=\"wp-block-cover__image-background wp-image-725\" alt=\"\" src=\"https:\/\/lviremes.fi\/wp-content\/uploads\/2024\/10\/ljfpzpfk.png\" data-object-fit=\"cover\" srcset=\"https:\/\/lviremes.fi\/wp-content\/uploads\/2024\/10\/ljfpzpfk.png 1024w, https:\/\/lviremes.fi\/wp-content\/uploads\/2024\/10\/ljfpzpfk-300x300.png 300w, https:\/\/lviremes.fi\/wp-content\/uploads\/2024\/10\/ljfpzpfk-150x150.png 150w, https:\/\/lviremes.fi\/wp-content\/uploads\/2024\/10\/ljfpzpfk-768x768.png 768w, https:\/\/lviremes.fi\/wp-content\/uploads\/2024\/10\/ljfpzpfk-100x100.png 100w\" sizes=\"(max-width: 767px) 89vw, (max-width: 1000px) 54vw, (max-width: 1071px) 543px, 580px\" \/><div class=\"wp-block-cover__inner-container is-layout-flow wp-block-cover-is-layout-flow\">\n<p class=\"has-text-align-center has-large-font-size\"><a href=\"https:\/\/lviremes.fi\/index.php\/hinnasto\/\">Hinnasto<\/a><\/p>\n<\/div><\/div>\n<\/div>\n\n\n\n<div class=\"wp-block-column is-layout-flow wp-block-column-is-layout-flow\">\n<div class=\"wp-block-cover\"><span aria-hidden=\"true\" class=\"wp-block-cover__background has-background-dim\"><\/span><img loading=\"lazy\" decoding=\"async\" width=\"1024\" height=\"1024\" class=\"wp-block-cover__image-background wp-image-726\" alt=\"\" src=\"https:\/\/lviremes.fi\/wp-content\/uploads\/2024\/10\/rehtus.png\" data-object-fit=\"cover\" srcset=\"https:\/\/lviremes.fi\/wp-content\/uploads\/2024\/10\/rehtus.png 1024w, https:\/\/lviremes.fi\/wp-content\/uploads\/2024\/10\/rehtus-300x300.png 300w, https:\/\/lviremes.fi\/wp-content\/uploads\/2024\/10\/rehtus-150x150.png 150w, https:\/\/lviremes.fi\/wp-content\/uploads\/2024\/10\/rehtus-768x768.png 768w, https:\/\/lviremes.fi\/wp-content\/uploads\/2024\/10\/rehtus-100x100.png 100w\" sizes=\"(max-width: 767px) 89vw, (max-width: 1000px) 54vw, (max-width: 1071px) 543px, 580px\" \/><div class=\"wp-block-cover__inner-container is-layout-flow wp-block-cover-is-layout-flow\">\n<p class=\"has-text-align-center has-large-font-size\"><a href=\"https:\/\/lviremes.fi\/index.php\/rahoitus\/\">Rahoitus<\/a><\/p>\n<\/div><\/div>\n<\/div>\n<\/div>\n\n\n\n<p><\/p>\n","protected":false},"excerpt":{"rendered":"","protected":false},"author":1,"featured_media":0,"parent":0,"menu_order":0,"comment_status":"closed","ping_status":"closed","template":"","meta":{"footnotes":""},"class_list":["post-722","page","type-page","status-publish","hentry"],"yoast_head":"<!-- This site is optimized with the Yoast SEO plugin v27.4 - https:\/\/yoast.com\/product\/yoast-seo-wordpress\/ -->\n<title>Putkimiespalvelut - LVI Remes Oy<\/title>\n<meta name=\"description\" content=\"Putkimiespalvelut putkiremontti, l\u00e4mmitysj\u00e4rjestelm\u00e4n saneeraus, kaukol\u00e4mp\u00f6paketit, maal\u00e4mp\u00f6 ilma-vesil\u00e4mp\u00f6pumppu rahoitus ja hinnasto\" \/>\n<meta name=\"robots\" content=\"index, follow, max-snippet:-1, max-image-preview:large, max-video-preview:-1\" \/>\n<link rel=\"canonical\" href=\"https:\/\/lviremes.fi\/index.php\/palvelut-2\/\" \/>\n<meta property=\"og:locale\" content=\"fi_FI\" \/>\n<meta property=\"og:type\" content=\"article\" \/>\n<meta property=\"og:title\" content=\"Putkimiespalvelut - LVI Remes Oy\" \/>\n<meta property=\"og:description\" content=\"Putkimiespalvelut putkiremontti, l\u00e4mmitysj\u00e4rjestelm\u00e4n saneeraus, kaukol\u00e4mp\u00f6paketit, maal\u00e4mp\u00f6 ilma-vesil\u00e4mp\u00f6pumppu rahoitus ja hinnasto\" \/>\n<meta property=\"og:url\" content=\"https:\/\/lviremes.fi\/index.php\/palvelut-2\/\" \/>\n<meta property=\"og:site_name\" content=\"LVI Remes Oy\" \/>\n<meta property=\"article:modified_time\" content=\"2024-11-03T14:34:59+00:00\" \/>\n<meta property=\"og:image\" content=\"https:\/\/lviremes.fi\/wp-content\/uploads\/2023\/04\/20211222_100430-scaled.jpg\" \/>\n\t<meta property=\"og:image:width\" content=\"1135\" \/>\n\t<meta property=\"og:image:height\" content=\"2560\" \/>\n\t<meta property=\"og:image:type\" content=\"image\/jpeg\" \/>\n<meta name=\"twitter:card\" content=\"summary_large_image\" \/>\n<meta name=\"twitter:label1\" content=\"Arvioitu lukuaika\" \/>\n\t<meta name=\"twitter:data1\" content=\"2 minuuttia\" \/>\n<script type=\"application\/ld+json\" class=\"yoast-schema-graph\">{\"@context\":\"https:\\\/\\\/schema.org\",\"@graph\":[{\"@type\":\"WebPage\",\"@id\":\"https:\\\/\\\/lviremes.fi\\\/index.php\\\/palvelut-2\\\/\",\"url\":\"https:\\\/\\\/lviremes.fi\\\/index.php\\\/palvelut-2\\\/\",\"name\":\"Putkimiespalvelut - LVI Remes Oy\",\"isPartOf\":{\"@id\":\"https:\\\/\\\/lviremes.fi\\\/#website\"},\"primaryImageOfPage\":{\"@id\":\"https:\\\/\\\/lviremes.fi\\\/index.php\\\/palvelut-2\\\/#primaryimage\"},\"image\":{\"@id\":\"https:\\\/\\\/lviremes.fi\\\/index.php\\\/palvelut-2\\\/#primaryimage\"},\"thumbnailUrl\":\"https:\\\/\\\/lviremes.fi\\\/wp-content\\\/uploads\\\/2023\\\/04\\\/20211222_100430-454x1024.jpg\",\"datePublished\":\"2024-10-31T15:39:40+00:00\",\"dateModified\":\"2024-11-03T14:34:59+00:00\",\"description\":\"Putkimiespalvelut putkiremontti, l\u00e4mmitysj\u00e4rjestelm\u00e4n saneeraus, kaukol\u00e4mp\u00f6paketit, maal\u00e4mp\u00f6 ilma-vesil\u00e4mp\u00f6pumppu rahoitus ja hinnasto\",\"breadcrumb\":{\"@id\":\"https:\\\/\\\/lviremes.fi\\\/index.php\\\/palvelut-2\\\/#breadcrumb\"},\"inLanguage\":\"fi\",\"potentialAction\":[{\"@type\":\"ReadAction\",\"target\":[\"https:\\\/\\\/lviremes.fi\\\/index.php\\\/palvelut-2\\\/\"]}]},{\"@type\":\"ImageObject\",\"inLanguage\":\"fi\",\"@id\":\"https:\\\/\\\/lviremes.fi\\\/index.php\\\/palvelut-2\\\/#primaryimage\",\"url\":\"https:\\\/\\\/lviremes.fi\\\/wp-content\\\/uploads\\\/2023\\\/04\\\/20211222_100430-scaled.jpg\",\"contentUrl\":\"https:\\\/\\\/lviremes.fi\\\/wp-content\\\/uploads\\\/2023\\\/04\\\/20211222_100430-scaled.jpg\",\"width\":1135,\"height\":2560},{\"@type\":\"BreadcrumbList\",\"@id\":\"https:\\\/\\\/lviremes.fi\\\/index.php\\\/palvelut-2\\\/#breadcrumb\",\"itemListElement\":[{\"@type\":\"ListItem\",\"position\":1,\"name\":\"Etusivu\",\"item\":\"https:\\\/\\\/lviremes.fi\\\/\"},{\"@type\":\"ListItem\",\"position\":2,\"name\":\"Putkimiespalvelut\"}]},{\"@type\":\"WebSite\",\"@id\":\"https:\\\/\\\/lviremes.fi\\\/#website\",\"url\":\"https:\\\/\\\/lviremes.fi\\\/\",\"name\":\"LVI Remes Oy\",\"description\":\"LVI-asennus ja huolto Jyv&auml;skyl&auml;ss&auml;\",\"publisher\":{\"@id\":\"https:\\\/\\\/lviremes.fi\\\/#organization\"},\"potentialAction\":[{\"@type\":\"SearchAction\",\"target\":{\"@type\":\"EntryPoint\",\"urlTemplate\":\"https:\\\/\\\/lviremes.fi\\\/?s={search_term_string}\"},\"query-input\":{\"@type\":\"PropertyValueSpecification\",\"valueRequired\":true,\"valueName\":\"search_term_string\"}}],\"inLanguage\":\"fi\"},{\"@type\":\"Organization\",\"@id\":\"https:\\\/\\\/lviremes.fi\\\/#organization\",\"name\":\"LVI Remes Oy\",\"url\":\"https:\\\/\\\/lviremes.fi\\\/\",\"logo\":{\"@type\":\"ImageObject\",\"inLanguage\":\"fi\",\"@id\":\"https:\\\/\\\/lviremes.fi\\\/#\\\/schema\\\/logo\\\/image\\\/\",\"url\":\"https:\\\/\\\/lviremes.fi\\\/wp-content\\\/uploads\\\/2022\\\/09\\\/cropped-sinilogot.png\",\"contentUrl\":\"https:\\\/\\\/lviremes.fi\\\/wp-content\\\/uploads\\\/2022\\\/09\\\/cropped-sinilogot.png\",\"width\":1314,\"height\":250,\"caption\":\"LVI Remes Oy\"},\"image\":{\"@id\":\"https:\\\/\\\/lviremes.fi\\\/#\\\/schema\\\/logo\\\/image\\\/\"}}]}<\/script>\n<!-- \/ Yoast SEO plugin. -->","yoast_head_json":{"title":"Putkimiespalvelut - LVI Remes Oy","description":"Putkimiespalvelut putkiremontti, l\u00e4mmitysj\u00e4rjestelm\u00e4n saneeraus, kaukol\u00e4mp\u00f6paketit, maal\u00e4mp\u00f6 ilma-vesil\u00e4mp\u00f6pumppu rahoitus ja hinnasto","robots":{"index":"index","follow":"follow","max-snippet":"max-snippet:-1","max-image-preview":"max-image-preview:large","max-video-preview":"max-video-preview:-1"},"canonical":"https:\/\/lviremes.fi\/index.php\/palvelut-2\/","og_locale":"fi_FI","og_type":"article","og_title":"Putkimiespalvelut - LVI Remes Oy","og_description":"Putkimiespalvelut putkiremontti, l\u00e4mmitysj\u00e4rjestelm\u00e4n saneeraus, kaukol\u00e4mp\u00f6paketit, maal\u00e4mp\u00f6 ilma-vesil\u00e4mp\u00f6pumppu rahoitus ja hinnasto","og_url":"https:\/\/lviremes.fi\/index.php\/palvelut-2\/","og_site_name":"LVI Remes Oy","article_modified_time":"2024-11-03T14:34:59+00:00","og_image":[{"width":1135,"height":2560,"url":"https:\/\/lviremes.fi\/wp-content\/uploads\/2023\/04\/20211222_100430-scaled.jpg","type":"image\/jpeg"}],"twitter_card":"summary_large_image","twitter_misc":{"Arvioitu lukuaika":"2 minuuttia"},"schema":{"@context":"https:\/\/schema.org","@graph":[{"@type":"WebPage","@id":"https:\/\/lviremes.fi\/index.php\/palvelut-2\/","url":"https:\/\/lviremes.fi\/index.php\/palvelut-2\/","name":"Putkimiespalvelut - LVI Remes Oy","isPartOf":{"@id":"https:\/\/lviremes.fi\/#website"},"primaryImageOfPage":{"@id":"https:\/\/lviremes.fi\/index.php\/palvelut-2\/#primaryimage"},"image":{"@id":"https:\/\/lviremes.fi\/index.php\/palvelut-2\/#primaryimage"},"thumbnailUrl":"https:\/\/lviremes.fi\/wp-content\/uploads\/2023\/04\/20211222_100430-454x1024.jpg","datePublished":"2024-10-31T15:39:40+00:00","dateModified":"2024-11-03T14:34:59+00:00","description":"Putkimiespalvelut putkiremontti, l\u00e4mmitysj\u00e4rjestelm\u00e4n saneeraus, kaukol\u00e4mp\u00f6paketit, maal\u00e4mp\u00f6 ilma-vesil\u00e4mp\u00f6pumppu rahoitus ja hinnasto","breadcrumb":{"@id":"https:\/\/lviremes.fi\/index.php\/palvelut-2\/#breadcrumb"},"inLanguage":"fi","potentialAction":[{"@type":"ReadAction","target":["https:\/\/lviremes.fi\/index.php\/palvelut-2\/"]}]},{"@type":"ImageObject","inLanguage":"fi","@id":"https:\/\/lviremes.fi\/index.php\/palvelut-2\/#primaryimage","url":"https:\/\/lviremes.fi\/wp-content\/uploads\/2023\/04\/20211222_100430-scaled.jpg","contentUrl":"https:\/\/lviremes.fi\/wp-content\/uploads\/2023\/04\/20211222_100430-scaled.jpg","width":1135,"height":2560},{"@type":"BreadcrumbList","@id":"https:\/\/lviremes.fi\/index.php\/palvelut-2\/#breadcrumb","itemListElement":[{"@type":"ListItem","position":1,"name":"Etusivu","item":"https:\/\/lviremes.fi\/"},{"@type":"ListItem","position":2,"name":"Putkimiespalvelut"}]},{"@type":"WebSite","@id":"https:\/\/lviremes.fi\/#website","url":"https:\/\/lviremes.fi\/","name":"LVI Remes Oy","description":"LVI-asennus ja huolto Jyv&auml;skyl&auml;ss&auml;","publisher":{"@id":"https:\/\/lviremes.fi\/#organization"},"potentialAction":[{"@type":"SearchAction","target":{"@type":"EntryPoint","urlTemplate":"https:\/\/lviremes.fi\/?s={search_term_string}"},"query-input":{"@type":"PropertyValueSpecification","valueRequired":true,"valueName":"search_term_string"}}],"inLanguage":"fi"},{"@type":"Organization","@id":"https:\/\/lviremes.fi\/#organization","name":"LVI Remes Oy","url":"https:\/\/lviremes.fi\/","logo":{"@type":"ImageObject","inLanguage":"fi","@id":"https:\/\/lviremes.fi\/#\/schema\/logo\/image\/","url":"https:\/\/lviremes.fi\/wp-content\/uploads\/2022\/09\/cropped-sinilogot.png","contentUrl":"https:\/\/lviremes.fi\/wp-content\/uploads\/2022\/09\/cropped-sinilogot.png","width":1314,"height":250,"caption":"LVI Remes Oy"},"image":{"@id":"https:\/\/lviremes.fi\/#\/schema\/logo\/image\/"}}]}},"_links":{"self":[{"href":"https:\/\/lviremes.fi\/index.php\/wp-json\/wp\/v2\/pages\/722","targetHints":{"allow":["GET"]}}],"collection":[{"href":"https:\/\/lviremes.fi\/index.php\/wp-json\/wp\/v2\/pages"}],"about":[{"href":"https:\/\/lviremes.fi\/index.php\/wp-json\/wp\/v2\/types\/page"}],"author":[{"embeddable":true,"href":"https:\/\/lviremes.fi\/index.php\/wp-json\/wp\/v2\/users\/1"}],"replies":[{"embeddable":true,"href":"https:\/\/lviremes.fi\/index.php\/wp-json\/wp\/v2\/comments?post=722"}],"version-history":[{"count":2,"href":"https:\/\/lviremes.fi\/index.php\/wp-json\/wp\/v2\/pages\/722\/revisions"}],"predecessor-version":[{"id":874,"href":"https:\/\/lviremes.fi\/index.php\/wp-json\/wp\/v2\/pages\/722\/revisions\/874"}],"wp:attachment":[{"href":"https:\/\/lviremes.fi\/index.php\/wp-json\/wp\/v2\/media?parent=722"}],"curies":[{"name":"wp","href":"https:\/\/api.w.org\/{rel}","templated":true}]}}