{"id":682,"date":"2024-11-01T22:07:39","date_gmt":"2024-11-01T22:07:39","guid":{"rendered":"https:\/\/lviremes.fi\/?page_id=682"},"modified":"2024-11-01T22:26:18","modified_gmt":"2024-11-01T22:26:18","slug":"yhteydenottolomake","status":"publish","type":"page","link":"https:\/\/lviremes.fi\/index.php\/yhteydenottolomake\/","title":{"rendered":"Yhteydenottolomake"},"content":{"rendered":"\n<p>Tarjouspyynn\u00f6t, mielt\u00e4 askarruttavat kysymykset ja terveiset voi l\u00e4hett\u00e4\u00e4 helposti t\u00e4ytt\u00e4m\u00e4ll\u00e4 alla olevat kent\u00e4t.<\/p>\n\n\n<style id=\"wpforms-css-vars-777-block-abe87655-c0dd-4d33-a99c-f6adad431770\">\n\t\t\t\t#wpforms-777.wpforms-block-abe87655-c0dd-4d33-a99c-f6adad431770 {\n\t\t\t\t--wpforms-label-color: #ffffff;\n--wpforms-field-background-color: #abb8c3;\n--wpforms-field-border-color: #0693e3;\n--wpforms-field-border-color-spare: #0693e3;\n--wpforms-field-text-color: #000000;\n--wpforms-field-menu-color: #9b51e0;\n--wpforms-field-size-input-height: 43px;\n--wpforms-field-size-input-spacing: 15px;\n--wpforms-field-size-font-size: 16px;\n--wpforms-field-size-line-height: 19px;\n--wpforms-field-size-padding-h: 14px;\n--wpforms-field-size-checkbox-size: 16px;\n--wpforms-field-size-sublabel-spacing: 5px;\n--wpforms-field-size-icon-size: 1;\n--wpforms-label-size-font-size: 16px;\n--wpforms-label-size-line-height: 19px;\n--wpforms-label-size-sublabel-font-size: 14px;\n--wpforms-label-size-sublabel-line-height: 17px;\n--wpforms-button-size-font-size: 17px;\n--wpforms-button-size-height: 41px;\n--wpforms-button-size-padding-h: 15px;\n--wpforms-button-size-margin-top: 10px;\n\t\t\t}\n\t\t\t<\/style><div class=\"wpforms-container wpforms-container-full wpforms-block wpforms-block-abe87655-c0dd-4d33-a99c-f6adad431770 wpforms-render-modern\" id=\"wpforms-777\"><form id=\"wpforms-form-777\" class=\"wpforms-validate wpforms-form wpforms-ajax-form\" data-formid=\"777\" method=\"post\" enctype=\"multipart\/form-data\" action=\"\/index.php\/wp-json\/wp\/v2\/pages\/682\" data-token=\"1ec13751f2ac306626e445d849bae462\" data-token-time=\"1776314233\"><noscript class=\"wpforms-error-noscript\">Please enable JavaScript in your browser to complete this form.<\/noscript><div id=\"wpforms-error-noscript\" style=\"display: none;\">Please enable JavaScript in your browser to complete this form.<\/div><div class=\"wpforms-field-container\"><div id=\"wpforms-777-field_1-container\" class=\"wpforms-field wpforms-field-name\" data-field-id=\"1\"><label class=\"wpforms-field-label\" for=\"wpforms-777-field_1\">Nimi <span class=\"wpforms-required-label\" aria-hidden=\"true\">*<\/span><\/label><input type=\"text\" id=\"wpforms-777-field_1\" class=\"wpforms-field-medium wpforms-field-required\" name=\"wpforms[fields][1]\" aria-errormessage=\"wpforms-777-field_1-error\" required><\/div>\t\t<div id=\"wpforms-777-field_4-container\"\n\t\t\tclass=\"wpforms-field wpforms-field-text\"\n\t\t\tdata-field-type=\"text\"\n\t\t\tdata-field-id=\"4\"\n\t\t\t>\n\t\t\t<label class=\"wpforms-field-label\" for=\"wpforms-777-field_4\" >Email Viesti Nimi<\/label>\n\t\t\t<input type=\"text\" id=\"wpforms-777-field_4\" class=\"wpforms-field-medium\" name=\"wpforms[fields][4]\" >\n\t\t<\/div>\n\t\t<div id=\"wpforms-777-field_2-container\" class=\"wpforms-field wpforms-field-email\" data-field-id=\"2\"><label class=\"wpforms-field-label\" for=\"wpforms-777-field_2\">Email <span class=\"wpforms-required-label\" aria-hidden=\"true\">*<\/span><\/label><input type=\"email\" id=\"wpforms-777-field_2\" class=\"wpforms-field-medium wpforms-field-required\" name=\"wpforms[fields][2]\" spellcheck=\"false\" aria-errormessage=\"wpforms-777-field_2-error\" required><\/div><div id=\"wpforms-777-field_7-container\" class=\"wpforms-field wpforms-field-number\" data-field-id=\"7\"><label class=\"wpforms-field-label\" for=\"wpforms-777-field_7\">Puhelin<\/label><input type=\"number\" id=\"wpforms-777-field_7\" class=\"wpforms-field-medium\" name=\"wpforms[fields][7]\" step=\"any\" aria-errormessage=\"wpforms-777-field_7-error\" ><\/div><div id=\"wpforms-777-field_3-container\" class=\"wpforms-field wpforms-field-textarea\" data-field-id=\"3\"><label class=\"wpforms-field-label\" for=\"wpforms-777-field_3\">Viesti<\/label><textarea id=\"wpforms-777-field_3\" class=\"wpforms-field-medium\" name=\"wpforms[fields][3]\" aria-errormessage=\"wpforms-777-field_3-error\" ><\/textarea><\/div><script>\n\t\t\t\t( function() {\n\t\t\t\t\tconst style = document.createElement( 'style' );\n\t\t\t\t\tstyle.appendChild( document.createTextNode( '#wpforms-777-field_4-container { position: absolute !important; overflow: hidden !important; display: inline !important; height: 1px !important; width: 1px !important; z-index: -1000 !important; padding: 0 !important; } #wpforms-777-field_4-container input { visibility: hidden; } #wpforms-conversational-form-page #wpforms-777-field_4-container label { counter-increment: none; }' ) );\n\t\t\t\t\tdocument.head.appendChild( style );\n\t\t\t\t\tdocument.currentScript?.remove();\n\t\t\t\t} )();\n\t\t\t<\/script><\/div><!-- .wpforms-field-container --><div class=\"wpforms-submit-container\" ><input type=\"hidden\" name=\"wpforms[id]\" value=\"777\"><input type=\"hidden\" name=\"page_title\" value=\"\"><input type=\"hidden\" name=\"page_url\" value=\"https:\/\/lviremes.fi\/index.php\/wp-json\/wp\/v2\/pages\/682\"><input type=\"hidden\" name=\"url_referer\" value=\"\"><button type=\"submit\" name=\"wpforms[submit]\" id=\"wpforms-submit-777\" class=\"wpforms-submit\" data-alt-text=\"L\u00e4hett\u00e4\u00e4..\" data-submit-text=\"L\u00e4het\u00e4\" aria-live=\"assertive\" value=\"wpforms-submit\">L\u00e4het\u00e4<\/button><img decoding=\"async\" src=\"https:\/\/lviremes.fi\/wp-content\/plugins\/wpforms-lite\/assets\/images\/submit-spin.svg\" class=\"wpforms-submit-spinner\" style=\"display: none;\" width=\"26\" height=\"26\" alt=\"Loading\"><\/div><\/form><\/div>  <!-- .wpforms-container -->","protected":false},"excerpt":{"rendered":"<p>Tarjouspyynn\u00f6t, mielt\u00e4 askarruttavat kysymykset ja terveiset voi l\u00e4hett\u00e4\u00e4 helposti t\u00e4ytt\u00e4m\u00e4ll\u00e4 alla olevat kent\u00e4t.<\/p>\n","protected":false},"author":1,"featured_media":0,"parent":0,"menu_order":0,"comment_status":"closed","ping_status":"closed","template":"","meta":{"footnotes":""},"class_list":["post-682","page","type-page","status-publish","hentry"],"yoast_head":"<!-- This site is optimized with the Yoast SEO plugin v27.4 - https:\/\/yoast.com\/product\/yoast-seo-wordpress\/ -->\n<title>Yhteydenottolomake - LVI Remes Oy<\/title>\n<meta name=\"robots\" content=\"index, follow, max-snippet:-1, max-image-preview:large, max-video-preview:-1\" \/>\n<link rel=\"canonical\" href=\"https:\/\/lviremes.fi\/index.php\/yhteydenottolomake\/\" \/>\n<meta property=\"og:locale\" content=\"fi_FI\" \/>\n<meta property=\"og:type\" content=\"article\" \/>\n<meta property=\"og:title\" content=\"Yhteydenottolomake - LVI Remes Oy\" \/>\n<meta property=\"og:description\" content=\"Tarjouspyynn\u00f6t, mielt\u00e4 askarruttavat kysymykset ja terveiset voi l\u00e4hett\u00e4\u00e4 helposti t\u00e4ytt\u00e4m\u00e4ll\u00e4 alla olevat kent\u00e4t.\" \/>\n<meta property=\"og:url\" content=\"https:\/\/lviremes.fi\/index.php\/yhteydenottolomake\/\" \/>\n<meta property=\"og:site_name\" content=\"LVI Remes Oy\" \/>\n<meta property=\"article:modified_time\" content=\"2024-11-01T22:26:18+00:00\" \/>\n<meta name=\"twitter:card\" content=\"summary_large_image\" \/>\n<meta name=\"twitter:label1\" content=\"Arvioitu lukuaika\" \/>\n\t<meta name=\"twitter:data1\" content=\"1 minuutti\" \/>\n<script type=\"application\/ld+json\" class=\"yoast-schema-graph\">{\"@context\":\"https:\\\/\\\/schema.org\",\"@graph\":[{\"@type\":\"WebPage\",\"@id\":\"https:\\\/\\\/lviremes.fi\\\/index.php\\\/yhteydenottolomake\\\/\",\"url\":\"https:\\\/\\\/lviremes.fi\\\/index.php\\\/yhteydenottolomake\\\/\",\"name\":\"Yhteydenottolomake - LVI Remes Oy\",\"isPartOf\":{\"@id\":\"https:\\\/\\\/lviremes.fi\\\/#website\"},\"datePublished\":\"2024-11-01T22:07:39+00:00\",\"dateModified\":\"2024-11-01T22:26:18+00:00\",\"breadcrumb\":{\"@id\":\"https:\\\/\\\/lviremes.fi\\\/index.php\\\/yhteydenottolomake\\\/#breadcrumb\"},\"inLanguage\":\"fi\",\"potentialAction\":[{\"@type\":\"ReadAction\",\"target\":[\"https:\\\/\\\/lviremes.fi\\\/index.php\\\/yhteydenottolomake\\\/\"]}]},{\"@type\":\"BreadcrumbList\",\"@id\":\"https:\\\/\\\/lviremes.fi\\\/index.php\\\/yhteydenottolomake\\\/#breadcrumb\",\"itemListElement\":[{\"@type\":\"ListItem\",\"position\":1,\"name\":\"Etusivu\",\"item\":\"https:\\\/\\\/lviremes.fi\\\/\"},{\"@type\":\"ListItem\",\"position\":2,\"name\":\"Yhteydenottolomake\"}]},{\"@type\":\"WebSite\",\"@id\":\"https:\\\/\\\/lviremes.fi\\\/#website\",\"url\":\"https:\\\/\\\/lviremes.fi\\\/\",\"name\":\"LVI Remes Oy\",\"description\":\"LVI-asennus ja huolto Jyv&auml;skyl&auml;ss&auml;\",\"publisher\":{\"@id\":\"https:\\\/\\\/lviremes.fi\\\/#organization\"},\"potentialAction\":[{\"@type\":\"SearchAction\",\"target\":{\"@type\":\"EntryPoint\",\"urlTemplate\":\"https:\\\/\\\/lviremes.fi\\\/?s={search_term_string}\"},\"query-input\":{\"@type\":\"PropertyValueSpecification\",\"valueRequired\":true,\"valueName\":\"search_term_string\"}}],\"inLanguage\":\"fi\"},{\"@type\":\"Organization\",\"@id\":\"https:\\\/\\\/lviremes.fi\\\/#organization\",\"name\":\"LVI Remes Oy\",\"url\":\"https:\\\/\\\/lviremes.fi\\\/\",\"logo\":{\"@type\":\"ImageObject\",\"inLanguage\":\"fi\",\"@id\":\"https:\\\/\\\/lviremes.fi\\\/#\\\/schema\\\/logo\\\/image\\\/\",\"url\":\"https:\\\/\\\/lviremes.fi\\\/wp-content\\\/uploads\\\/2022\\\/09\\\/cropped-sinilogot.png\",\"contentUrl\":\"https:\\\/\\\/lviremes.fi\\\/wp-content\\\/uploads\\\/2022\\\/09\\\/cropped-sinilogot.png\",\"width\":1314,\"height\":250,\"caption\":\"LVI Remes Oy\"},\"image\":{\"@id\":\"https:\\\/\\\/lviremes.fi\\\/#\\\/schema\\\/logo\\\/image\\\/\"}}]}<\/script>\n<!-- \/ Yoast SEO plugin. -->","yoast_head_json":{"title":"Yhteydenottolomake - LVI Remes Oy","robots":{"index":"index","follow":"follow","max-snippet":"max-snippet:-1","max-image-preview":"max-image-preview:large","max-video-preview":"max-video-preview:-1"},"canonical":"https:\/\/lviremes.fi\/index.php\/yhteydenottolomake\/","og_locale":"fi_FI","og_type":"article","og_title":"Yhteydenottolomake - LVI Remes Oy","og_description":"Tarjouspyynn\u00f6t, mielt\u00e4 askarruttavat kysymykset ja terveiset voi l\u00e4hett\u00e4\u00e4 helposti t\u00e4ytt\u00e4m\u00e4ll\u00e4 alla olevat kent\u00e4t.","og_url":"https:\/\/lviremes.fi\/index.php\/yhteydenottolomake\/","og_site_name":"LVI Remes Oy","article_modified_time":"2024-11-01T22:26:18+00:00","twitter_card":"summary_large_image","twitter_misc":{"Arvioitu lukuaika":"1 minuutti"},"schema":{"@context":"https:\/\/schema.org","@graph":[{"@type":"WebPage","@id":"https:\/\/lviremes.fi\/index.php\/yhteydenottolomake\/","url":"https:\/\/lviremes.fi\/index.php\/yhteydenottolomake\/","name":"Yhteydenottolomake - LVI Remes Oy","isPartOf":{"@id":"https:\/\/lviremes.fi\/#website"},"datePublished":"2024-11-01T22:07:39+00:00","dateModified":"2024-11-01T22:26:18+00:00","breadcrumb":{"@id":"https:\/\/lviremes.fi\/index.php\/yhteydenottolomake\/#breadcrumb"},"inLanguage":"fi","potentialAction":[{"@type":"ReadAction","target":["https:\/\/lviremes.fi\/index.php\/yhteydenottolomake\/"]}]},{"@type":"BreadcrumbList","@id":"https:\/\/lviremes.fi\/index.php\/yhteydenottolomake\/#breadcrumb","itemListElement":[{"@type":"ListItem","position":1,"name":"Etusivu","item":"https:\/\/lviremes.fi\/"},{"@type":"ListItem","position":2,"name":"Yhteydenottolomake"}]},{"@type":"WebSite","@id":"https:\/\/lviremes.fi\/#website","url":"https:\/\/lviremes.fi\/","name":"LVI Remes Oy","description":"LVI-asennus ja huolto Jyv&auml;skyl&auml;ss&auml;","publisher":{"@id":"https:\/\/lviremes.fi\/#organization"},"potentialAction":[{"@type":"SearchAction","target":{"@type":"EntryPoint","urlTemplate":"https:\/\/lviremes.fi\/?s={search_term_string}"},"query-input":{"@type":"PropertyValueSpecification","valueRequired":true,"valueName":"search_term_string"}}],"inLanguage":"fi"},{"@type":"Organization","@id":"https:\/\/lviremes.fi\/#organization","name":"LVI Remes Oy","url":"https:\/\/lviremes.fi\/","logo":{"@type":"ImageObject","inLanguage":"fi","@id":"https:\/\/lviremes.fi\/#\/schema\/logo\/image\/","url":"https:\/\/lviremes.fi\/wp-content\/uploads\/2022\/09\/cropped-sinilogot.png","contentUrl":"https:\/\/lviremes.fi\/wp-content\/uploads\/2022\/09\/cropped-sinilogot.png","width":1314,"height":250,"caption":"LVI Remes Oy"},"image":{"@id":"https:\/\/lviremes.fi\/#\/schema\/logo\/image\/"}}]}},"_links":{"self":[{"href":"https:\/\/lviremes.fi\/index.php\/wp-json\/wp\/v2\/pages\/682","targetHints":{"allow":["GET"]}}],"collection":[{"href":"https:\/\/lviremes.fi\/index.php\/wp-json\/wp\/v2\/pages"}],"about":[{"href":"https:\/\/lviremes.fi\/index.php\/wp-json\/wp\/v2\/types\/page"}],"author":[{"embeddable":true,"href":"https:\/\/lviremes.fi\/index.php\/wp-json\/wp\/v2\/users\/1"}],"replies":[{"embeddable":true,"href":"https:\/\/lviremes.fi\/index.php\/wp-json\/wp\/v2\/comments?post=682"}],"version-history":[{"count":0,"href":"https:\/\/lviremes.fi\/index.php\/wp-json\/wp\/v2\/pages\/682\/revisions"}],"wp:attachment":[{"href":"https:\/\/lviremes.fi\/index.php\/wp-json\/wp\/v2\/media?parent=682"}],"curies":[{"name":"wp","href":"https:\/\/api.w.org\/{rel}","templated":true}]}}