{"id":52,"date":"2022-09-02T15:34:39","date_gmt":"2022-09-02T15:34:39","guid":{"rendered":"https:\/\/lviremes.fi\/?page_id=52"},"modified":"2025-04-22T08:34:40","modified_gmt":"2025-04-22T08:34:40","slug":"tietoja","status":"publish","type":"page","link":"https:\/\/lviremes.fi\/index.php\/tietoja\/","title":{"rendered":"Yrityksest\u00e4"},"content":{"rendered":"\n<p>Vuonna 2021 perustettu LVI Remes Oy on asiakasl\u00e4ht\u00f6inen LVI-alan yritys, Tarjoamme laajasti putkimiespalveluja ja laiteasennuksia, Jyv\u00e4skyl\u00e4ss\u00e4 ja l\u00e4hiseuduilla. Palvelemme etup\u00e4\u00e4ss\u00e4 yksityisasiakkaita, taloyhti\u00f6it\u00e4 ja yhteis\u00f6j\u00e4 Jyv\u00e4skyl\u00e4n seudulla. Toimintamme perustuu l\u00e4pin\u00e4kyvyyteen ja rehtiyteen \u2013 haluamme tarjota asiakkaillemme aina selke\u00e4n ja ymm\u00e4rrett\u00e4v\u00e4n palvelukokemuksen, jossa ei ole piilokuluja tai ep\u00e4miellytt\u00e4vi\u00e4 yll\u00e4tyksi\u00e4.<\/p>\n\n\n\n<p><\/p>\n\n\n\n<p>Meille on t\u00e4rke\u00e4\u00e4 keskitty\u00e4 asiakkaidemme tarpeisiin, ei maksimaaliseen voitontavoitteluun. Jokainen projekti suunnitellaan ja toteutetaan yksil\u00f6llisesti, jotta voimme varmistaa asiakkaidemme tyytyv\u00e4isyyden ja pitk\u00e4aikaisen toimivuuden. Tyytyv\u00e4inen asiakas on yrityksemme kulmakivi.<\/p>\n\n\n\n<p>Olipa kyseess\u00e4 sitten LVI-j\u00e4rjestelmien asennus, huolto tai l\u00e4mp\u00f6pumppuratkaisut, voit luottaa siihen, ett\u00e4 LVI Remes Oy tarjoaa laadukasta ja asiantuntevaa palvelua, jossa asiakkaan etu on aina etusijalla.<\/p>\n\n\n<pre class=\"ti-widget\" style=\"display: none\"><template id=\"trustindex-google-widget-html\"><div class=\" ti-widget  ti-goog ti-review-text-mode-readmore ti-text-align-left\" data-no-translation=\"true\" data-time-locale=\"%d %s sitten|t\u00e4n\u00e4\u00e4n|p\u00e4iv\u00e4|p\u00e4iv\u00e4\u00e4|viikko|viikkoa|kuukausi|kuukautta|vuosi|vuotta\" data-plugin-version=\"13.2.9\" data-layout-id=\"4\" data-layout-category=\"slider\" data-set-id=\"light-contrast\" data-pid=\"\" data-language=\"fi\" data-close-locale=\"Kiinni\" data-review-target-width=\"300\" data-css-version=\"2\" data-reply-by-locale=\"Vastaus omistajalta\" data-only-rating-locale=\"T\u00e4m\u00e4 k\u00e4ytt\u00e4j\u00e4 j\u00e4tti vain arvion.\" data-pager-autoplay-timeout=\"6\"> <div class=\"ti-widget-container ti-col-3\"> <div class=\"ti-reviews-container\"> <div class=\"ti-controls\"> <div class=\"ti-next\" aria-label=\"Seuraava arvostelu\" role=\"button\" tabindex=\"0\"><\/div> <div class=\"ti-prev\" aria-label=\"Edellinen arvostelu\" role=\"button\" tabindex=\"0\"><\/div> <\/div> <div class=\"ti-reviews-container-wrapper\">  <div data-empty=\"0\" data-time=\"1724025600\" class=\"ti-review-item source-Google ti-image-layout-thumbnail\" data-id=\"cfcd208495d565ef66e7dff9f98764da\"> <div class=\"ti-inner\"> <div class=\"ti-review-header\"> <div class=\"ti-platform-icon ti-with-tooltip\"> <span class=\"ti-tooltip\">L\u00e4hetetty -sivustolla<\/span> <trustindex-image data-imgurl=\"https:\/\/cdn.trustindex.io\/assets\/platform\/Google\/icon.svg\" alt=\"\" width=\"20\" height=\"20\" loading=\"lazy\"><\/trustindex-image> <\/div> <div class=\"ti-profile-img\"> <trustindex-image data-imgurl=\"https:\/\/lh3.googleusercontent.com\/a\/ACg8ocLtHbAQNHLoFzRpgJGY-A1b6mesvOGe5sobBr1X9e7muGaCow=w40-h40-c-rp-mo-br100\" alt=\"Jani Karhunen profile picture\" loading=\"lazy\"><\/trustindex-image> <\/div> <div class=\"ti-profile-details\"> <div class=\"ti-name\"> Jani Karhunen <\/div> <div class=\"ti-date\"><\/div> <\/div> <\/div> <span class=\"ti-stars\"><trustindex-image class=\"ti-star\" data-imgurl=\"https:\/\/cdn.trustindex.io\/assets\/platform\/Google\/star\/f.svg\" alt=\"Google star 1\" width=\"17\" height=\"17\" loading=\"lazy\"><\/trustindex-image><trustindex-image class=\"ti-star\" data-imgurl=\"https:\/\/cdn.trustindex.io\/assets\/platform\/Google\/star\/f.svg\" alt=\"Google star 2\" width=\"17\" height=\"17\" loading=\"lazy\"><\/trustindex-image><trustindex-image class=\"ti-star\" data-imgurl=\"https:\/\/cdn.trustindex.io\/assets\/platform\/Google\/star\/f.svg\" alt=\"Google star 3\" width=\"17\" height=\"17\" loading=\"lazy\"><\/trustindex-image><trustindex-image class=\"ti-star\" data-imgurl=\"https:\/\/cdn.trustindex.io\/assets\/platform\/Google\/star\/f.svg\" alt=\"Google star 4\" width=\"17\" height=\"17\" loading=\"lazy\"><\/trustindex-image><trustindex-image class=\"ti-star\" data-imgurl=\"https:\/\/cdn.trustindex.io\/assets\/platform\/Google\/star\/f.svg\" alt=\"Google star 5\" width=\"17\" height=\"17\" loading=\"lazy\"><\/trustindex-image><span class=\"ti-verified-review ti-verified-platform\"><span class=\"ti-verified-tooltip\">Trustindex vahvistaa, ett\u00e4 arvostelun alkuper\u00e4inen l\u00e4hde on Google.<\/span><\/span><\/span> <div class=\"ti-review-text-container ti-review-content\"><!-- R-CONTENT -->Asennettiin maal\u00e4mp\u00f6 s\u00e4hk\u00f6kattilan tilalle. Hommat hoituivat oikein mallikkaasti ja kilpailukykyiseen hintaan. Vahva suositus \ud83d\udc4d<!-- R-CONTENT --><\/div> <span class=\"ti-read-more\" data-container=\".ti-review-content\" data-collapse-text=\"Piilottaa\" data-open-text=\"Lue lis\u00e4\u00e4\"><\/span> <\/div> <\/div>  <div data-empty=\"0\" data-time=\"1723161600\" class=\"ti-review-item source-Google ti-image-layout-thumbnail\" data-id=\"cfcd208495d565ef66e7dff9f98764da\"> <div class=\"ti-inner\"> <div class=\"ti-review-header\"> <div class=\"ti-platform-icon ti-with-tooltip\"> <span class=\"ti-tooltip\">L\u00e4hetetty -sivustolla<\/span> <trustindex-image data-imgurl=\"https:\/\/cdn.trustindex.io\/assets\/platform\/Google\/icon.svg\" alt=\"\" width=\"20\" height=\"20\" loading=\"lazy\"><\/trustindex-image> <\/div> <div class=\"ti-profile-img\"> <trustindex-image data-imgurl=\"https:\/\/lh3.googleusercontent.com\/a-\/ALV-UjVV73UHd9wz9IRhJjjyK5lXvcIExfIXhFVE0sNICObn0AoEE5El=w40-h40-c-rp-mo-br100\" alt=\"Kimmo Korpela (G-Powered) profile picture\" loading=\"lazy\"><\/trustindex-image> <\/div> <div class=\"ti-profile-details\"> <div class=\"ti-name\"> Kimmo Korpela (G-Powered) <\/div> <div class=\"ti-date\"><\/div> <\/div> <\/div> <span class=\"ti-stars\"><trustindex-image class=\"ti-star\" data-imgurl=\"https:\/\/cdn.trustindex.io\/assets\/platform\/Google\/star\/f.svg\" alt=\"Google star 1\" width=\"17\" height=\"17\" loading=\"lazy\"><\/trustindex-image><trustindex-image class=\"ti-star\" data-imgurl=\"https:\/\/cdn.trustindex.io\/assets\/platform\/Google\/star\/f.svg\" alt=\"Google star 2\" width=\"17\" height=\"17\" loading=\"lazy\"><\/trustindex-image><trustindex-image class=\"ti-star\" data-imgurl=\"https:\/\/cdn.trustindex.io\/assets\/platform\/Google\/star\/f.svg\" alt=\"Google star 3\" width=\"17\" height=\"17\" loading=\"lazy\"><\/trustindex-image><trustindex-image class=\"ti-star\" data-imgurl=\"https:\/\/cdn.trustindex.io\/assets\/platform\/Google\/star\/f.svg\" alt=\"Google star 4\" width=\"17\" height=\"17\" loading=\"lazy\"><\/trustindex-image><trustindex-image class=\"ti-star\" data-imgurl=\"https:\/\/cdn.trustindex.io\/assets\/platform\/Google\/star\/f.svg\" alt=\"Google star 5\" width=\"17\" height=\"17\" loading=\"lazy\"><\/trustindex-image><span class=\"ti-verified-review ti-verified-platform\"><span class=\"ti-verified-tooltip\">Trustindex vahvistaa, ett\u00e4 arvostelun alkuper\u00e4inen l\u00e4hde on Google.<\/span><\/span><\/span> <div class=\"ti-review-text-container ti-review-content\"><!-- R-CONTENT -->Keitti\u00f6n hanan vaihto sujui nopeasti ja laadukkaasti. Oikein mukava tekij\u00e4, jota voin l\u00e4mpim\u00e4sti suositella!<!-- R-CONTENT --><\/div> <span class=\"ti-read-more\" data-container=\".ti-review-content\" data-collapse-text=\"Piilottaa\" data-open-text=\"Lue lis\u00e4\u00e4\"><\/span> <\/div> <\/div>  <div data-empty=\"0\" data-time=\"1721001600\" class=\"ti-review-item source-Google ti-image-layout-thumbnail\" data-id=\"cfcd208495d565ef66e7dff9f98764da\"> <div class=\"ti-inner\"> <div class=\"ti-review-header\"> <div class=\"ti-platform-icon ti-with-tooltip\"> <span class=\"ti-tooltip\">L\u00e4hetetty -sivustolla<\/span> <trustindex-image data-imgurl=\"https:\/\/cdn.trustindex.io\/assets\/platform\/Google\/icon.svg\" alt=\"\" width=\"20\" height=\"20\" loading=\"lazy\"><\/trustindex-image> <\/div> <div class=\"ti-profile-img\"> <trustindex-image data-imgurl=\"https:\/\/lh3.googleusercontent.com\/a-\/ALV-UjX-ybz4XtS-24poZHHmv3zl-mXnDCNnJvzatxAK_9zXlvXmwiQ=w40-h40-c-rp-mo-br100\" alt=\"Matteo Onofri profile picture\" loading=\"lazy\"><\/trustindex-image> <\/div> <div class=\"ti-profile-details\"> <div class=\"ti-name\"> Matteo Onofri <\/div> <div class=\"ti-date\"><\/div> <\/div> <\/div> <span class=\"ti-stars\"><trustindex-image class=\"ti-star\" data-imgurl=\"https:\/\/cdn.trustindex.io\/assets\/platform\/Google\/star\/f.svg\" alt=\"Google star 1\" width=\"17\" height=\"17\" loading=\"lazy\"><\/trustindex-image><trustindex-image class=\"ti-star\" data-imgurl=\"https:\/\/cdn.trustindex.io\/assets\/platform\/Google\/star\/f.svg\" alt=\"Google star 2\" width=\"17\" height=\"17\" loading=\"lazy\"><\/trustindex-image><trustindex-image class=\"ti-star\" data-imgurl=\"https:\/\/cdn.trustindex.io\/assets\/platform\/Google\/star\/f.svg\" alt=\"Google star 3\" width=\"17\" height=\"17\" loading=\"lazy\"><\/trustindex-image><trustindex-image class=\"ti-star\" data-imgurl=\"https:\/\/cdn.trustindex.io\/assets\/platform\/Google\/star\/f.svg\" alt=\"Google star 4\" width=\"17\" height=\"17\" loading=\"lazy\"><\/trustindex-image><trustindex-image class=\"ti-star\" data-imgurl=\"https:\/\/cdn.trustindex.io\/assets\/platform\/Google\/star\/f.svg\" alt=\"Google star 5\" width=\"17\" height=\"17\" loading=\"lazy\"><\/trustindex-image><span class=\"ti-verified-review ti-verified-platform\"><span class=\"ti-verified-tooltip\">Trustindex vahvistaa, ett\u00e4 arvostelun alkuper\u00e4inen l\u00e4hde on Google.<\/span><\/span><\/span> <div class=\"ti-review-text-container ti-review-content\"><!-- R-CONTENT -->Professional and skillfull. Provided help in the component selection offering expert advices. Installations were conducted with care and precision. As well nice person and kind in the short conversation. All in all highly recommend for plumbing and air pumps installations!<!-- R-CONTENT --><\/div> <span class=\"ti-read-more\" data-container=\".ti-review-content\" data-collapse-text=\"Piilottaa\" data-open-text=\"Lue lis\u00e4\u00e4\"><\/span> <\/div> <\/div>  <div data-empty=\"0\" data-time=\"1721001600\" class=\"ti-review-item source-Google ti-image-layout-thumbnail\" data-id=\"cfcd208495d565ef66e7dff9f98764da\"> <div class=\"ti-inner\"> <div class=\"ti-review-header\"> <div class=\"ti-platform-icon ti-with-tooltip\"> <span class=\"ti-tooltip\">L\u00e4hetetty -sivustolla<\/span> <trustindex-image data-imgurl=\"https:\/\/cdn.trustindex.io\/assets\/platform\/Google\/icon.svg\" alt=\"\" width=\"20\" height=\"20\" loading=\"lazy\"><\/trustindex-image> <\/div> <div class=\"ti-profile-img\"> <trustindex-image data-imgurl=\"https:\/\/lh3.googleusercontent.com\/a\/ACg8ocKWOu_qIwTKI7TQMpfdP0aA1nJpeplDzTuKSfzZcE2yPqhDtg=w40-h40-c-rp-mo-br100\" alt=\"Jari Eronen profile picture\" loading=\"lazy\"><\/trustindex-image> <\/div> <div class=\"ti-profile-details\"> <div class=\"ti-name\"> Jari Eronen <\/div> <div class=\"ti-date\"><\/div> <\/div> <\/div> <span class=\"ti-stars\"><trustindex-image class=\"ti-star\" data-imgurl=\"https:\/\/cdn.trustindex.io\/assets\/platform\/Google\/star\/f.svg\" alt=\"Google star 1\" width=\"17\" height=\"17\" loading=\"lazy\"><\/trustindex-image><trustindex-image class=\"ti-star\" data-imgurl=\"https:\/\/cdn.trustindex.io\/assets\/platform\/Google\/star\/f.svg\" alt=\"Google star 2\" width=\"17\" height=\"17\" loading=\"lazy\"><\/trustindex-image><trustindex-image class=\"ti-star\" data-imgurl=\"https:\/\/cdn.trustindex.io\/assets\/platform\/Google\/star\/f.svg\" alt=\"Google star 3\" width=\"17\" height=\"17\" loading=\"lazy\"><\/trustindex-image><trustindex-image class=\"ti-star\" data-imgurl=\"https:\/\/cdn.trustindex.io\/assets\/platform\/Google\/star\/f.svg\" alt=\"Google star 4\" width=\"17\" height=\"17\" loading=\"lazy\"><\/trustindex-image><trustindex-image class=\"ti-star\" data-imgurl=\"https:\/\/cdn.trustindex.io\/assets\/platform\/Google\/star\/f.svg\" alt=\"Google star 5\" width=\"17\" height=\"17\" loading=\"lazy\"><\/trustindex-image><span class=\"ti-verified-review ti-verified-platform\"><span class=\"ti-verified-tooltip\">Trustindex vahvistaa, ett\u00e4 arvostelun alkuper\u00e4inen l\u00e4hde on Google.<\/span><\/span><\/span> <div class=\"ti-review-text-container ti-review-content\"><!-- R-CONTENT -->Kaukol\u00e4mp\u00f6paketin vaihto; sek\u00e4 asennusty\u00f6 ett\u00e4 paketin toimitus kuuluivat urakkaan. Mies perehtyi asennuspaikkaan etuk\u00e4teen ennen tarjousta. Tarjous oli asiallisen hintainen. Ty\u00f6t alkoivat ja eteniv\u00e4t annetun aikataulun mukaan. Ty\u00f6n j\u00e4lki on huolellista, ja odotettua parempi j\u00e4lki, kun h\u00e4n korjasi alkuper\u00e4ist\u00e4 asennusj\u00e4lke\u00e4. Suosittelen LVI Remest\u00e4.<!-- R-CONTENT --><\/div> <span class=\"ti-read-more\" data-container=\".ti-review-content\" data-collapse-text=\"Piilottaa\" data-open-text=\"Lue lis\u00e4\u00e4\"><\/span> <\/div> <\/div>  <\/div> <div class=\"ti-controls-line\"> <div class=\"dot\"><\/div> <\/div> <\/div>    <\/div> <\/div> <\/template><\/pre><div data-src=\"https:\/\/cdn.trustindex.io\/loader.js?wp-widget\" data-template-id=\"trustindex-google-widget-html\" data-css-url=\"https:\/\/lviremes.fi\/wp-content\/uploads\/trustindex-google-widget.css?1776194526\"><\/div>","protected":false},"excerpt":{"rendered":"<p>Vuonna 2021 perustettu LVI Remes Oy on asiakasl\u00e4ht\u00f6inen LVI-alan yritys, Tarjoamme laajasti putkimiespalveluja ja laiteasennuksia, Jyv\u00e4skyl\u00e4ss\u00e4 ja l\u00e4hiseuduilla. Palvelemme etup\u00e4\u00e4ss\u00e4 yksityisasiakkaita, taloyhti\u00f6it\u00e4 ja yhteis\u00f6j\u00e4 Jyv\u00e4skyl\u00e4n seudulla. Toimintamme perustuu l\u00e4pin\u00e4kyvyyteen ja rehtiyteen \u2013 haluamme tarjota asiakkaillemme aina selke\u00e4n ja ymm\u00e4rrett\u00e4v\u00e4n palvelukokemuksen, jossa ei ole piilokuluja tai ep\u00e4miellytt\u00e4vi\u00e4 yll\u00e4tyksi\u00e4. Meille on t\u00e4rke\u00e4\u00e4 keskitty\u00e4 asiakkaidemme tarpeisiin, ei maksimaaliseen &hellip; <\/p>\n<p class=\"link-more\"><a href=\"https:\/\/lviremes.fi\/index.php\/tietoja\/\" class=\"more-link\">Jatka lukemista<span class=\"screen-reader-text\"> &#8221;Yrityksest\u00e4&#8221;<\/span><\/a><\/p>\n","protected":false},"author":1,"featured_media":139,"parent":0,"menu_order":0,"comment_status":"closed","ping_status":"closed","template":"","meta":{"footnotes":""},"class_list":["post-52","page","type-page","status-publish","has-post-thumbnail","hentry"],"yoast_head":"<!-- This site is optimized with the Yoast SEO plugin v27.4 - https:\/\/yoast.com\/product\/yoast-seo-wordpress\/ -->\n<title>Yrityksest\u00e4 - LVI Remes Oy<\/title>\n<meta name=\"description\" content=\"Vuonna 2021 perustettu LVI Remes Oy tarjoaa Jyv\u00e4skyl\u00e4n alueella asiakasl\u00e4ht\u00f6isi\u00e4 ja luotettavia LVI-palveluja ilman piilokuluja.\" \/>\n<meta name=\"robots\" content=\"index, follow, max-snippet:-1, max-image-preview:large, max-video-preview:-1\" \/>\n<link rel=\"canonical\" href=\"https:\/\/lviremes.fi\/index.php\/tietoja\/\" \/>\n<meta property=\"og:locale\" content=\"fi_FI\" \/>\n<meta property=\"og:type\" content=\"article\" \/>\n<meta property=\"og:title\" content=\"Yrityksest\u00e4 - LVI Remes Oy\" \/>\n<meta property=\"og:description\" content=\"Vuonna 2021 perustettu LVI Remes Oy tarjoaa Jyv\u00e4skyl\u00e4n alueella asiakasl\u00e4ht\u00f6isi\u00e4 ja luotettavia LVI-palveluja ilman piilokuluja.\" \/>\n<meta property=\"og:url\" content=\"https:\/\/lviremes.fi\/index.php\/tietoja\/\" \/>\n<meta property=\"og:site_name\" content=\"LVI Remes Oy\" \/>\n<meta property=\"article:modified_time\" content=\"2025-04-22T08:34:40+00:00\" \/>\n<meta property=\"og:image\" content=\"https:\/\/lviremes.fi\/wp-content\/uploads\/2022\/09\/cropped-20220906_125638-scaled-1-scaled.jpg\" \/>\n\t<meta property=\"og:image:width\" content=\"1785\" \/>\n\t<meta property=\"og:image:height\" content=\"2560\" \/>\n\t<meta property=\"og:image:type\" content=\"image\/jpeg\" \/>\n<meta name=\"twitter:card\" content=\"summary_large_image\" \/>\n<meta name=\"twitter:label1\" content=\"Arvioitu lukuaika\" \/>\n\t<meta name=\"twitter:data1\" content=\"1 minuutti\" \/>\n<script type=\"application\/ld+json\" class=\"yoast-schema-graph\">{\"@context\":\"https:\\\/\\\/schema.org\",\"@graph\":[{\"@type\":\"WebPage\",\"@id\":\"https:\\\/\\\/lviremes.fi\\\/index.php\\\/tietoja\\\/\",\"url\":\"https:\\\/\\\/lviremes.fi\\\/index.php\\\/tietoja\\\/\",\"name\":\"Yrityksest\u00e4 - LVI Remes Oy\",\"isPartOf\":{\"@id\":\"https:\\\/\\\/lviremes.fi\\\/#website\"},\"primaryImageOfPage\":{\"@id\":\"https:\\\/\\\/lviremes.fi\\\/index.php\\\/tietoja\\\/#primaryimage\"},\"image\":{\"@id\":\"https:\\\/\\\/lviremes.fi\\\/index.php\\\/tietoja\\\/#primaryimage\"},\"thumbnailUrl\":\"https:\\\/\\\/lviremes.fi\\\/wp-content\\\/uploads\\\/2022\\\/09\\\/cropped-20220906_125638-scaled-1-scaled.jpg\",\"datePublished\":\"2022-09-02T15:34:39+00:00\",\"dateModified\":\"2025-04-22T08:34:40+00:00\",\"description\":\"Vuonna 2021 perustettu LVI Remes Oy tarjoaa Jyv\u00e4skyl\u00e4n alueella asiakasl\u00e4ht\u00f6isi\u00e4 ja luotettavia LVI-palveluja ilman piilokuluja.\",\"breadcrumb\":{\"@id\":\"https:\\\/\\\/lviremes.fi\\\/index.php\\\/tietoja\\\/#breadcrumb\"},\"inLanguage\":\"fi\",\"potentialAction\":[{\"@type\":\"ReadAction\",\"target\":[\"https:\\\/\\\/lviremes.fi\\\/index.php\\\/tietoja\\\/\"]}]},{\"@type\":\"ImageObject\",\"inLanguage\":\"fi\",\"@id\":\"https:\\\/\\\/lviremes.fi\\\/index.php\\\/tietoja\\\/#primaryimage\",\"url\":\"https:\\\/\\\/lviremes.fi\\\/wp-content\\\/uploads\\\/2022\\\/09\\\/cropped-20220906_125638-scaled-1-scaled.jpg\",\"contentUrl\":\"https:\\\/\\\/lviremes.fi\\\/wp-content\\\/uploads\\\/2022\\\/09\\\/cropped-20220906_125638-scaled-1-scaled.jpg\",\"width\":1785,\"height\":2560},{\"@type\":\"BreadcrumbList\",\"@id\":\"https:\\\/\\\/lviremes.fi\\\/index.php\\\/tietoja\\\/#breadcrumb\",\"itemListElement\":[{\"@type\":\"ListItem\",\"position\":1,\"name\":\"Etusivu\",\"item\":\"https:\\\/\\\/lviremes.fi\\\/\"},{\"@type\":\"ListItem\",\"position\":2,\"name\":\"Yrityksest\u00e4\"}]},{\"@type\":\"WebSite\",\"@id\":\"https:\\\/\\\/lviremes.fi\\\/#website\",\"url\":\"https:\\\/\\\/lviremes.fi\\\/\",\"name\":\"LVI Remes Oy\",\"description\":\"LVI-asennus ja huolto Jyv&auml;skyl&auml;ss&auml;\",\"publisher\":{\"@id\":\"https:\\\/\\\/lviremes.fi\\\/#organization\"},\"potentialAction\":[{\"@type\":\"SearchAction\",\"target\":{\"@type\":\"EntryPoint\",\"urlTemplate\":\"https:\\\/\\\/lviremes.fi\\\/?s={search_term_string}\"},\"query-input\":{\"@type\":\"PropertyValueSpecification\",\"valueRequired\":true,\"valueName\":\"search_term_string\"}}],\"inLanguage\":\"fi\"},{\"@type\":\"Organization\",\"@id\":\"https:\\\/\\\/lviremes.fi\\\/#organization\",\"name\":\"LVI Remes Oy\",\"url\":\"https:\\\/\\\/lviremes.fi\\\/\",\"logo\":{\"@type\":\"ImageObject\",\"inLanguage\":\"fi\",\"@id\":\"https:\\\/\\\/lviremes.fi\\\/#\\\/schema\\\/logo\\\/image\\\/\",\"url\":\"https:\\\/\\\/lviremes.fi\\\/wp-content\\\/uploads\\\/2022\\\/09\\\/cropped-sinilogot.png\",\"contentUrl\":\"https:\\\/\\\/lviremes.fi\\\/wp-content\\\/uploads\\\/2022\\\/09\\\/cropped-sinilogot.png\",\"width\":1314,\"height\":250,\"caption\":\"LVI Remes Oy\"},\"image\":{\"@id\":\"https:\\\/\\\/lviremes.fi\\\/#\\\/schema\\\/logo\\\/image\\\/\"}}]}<\/script>\n<!-- \/ Yoast SEO plugin. -->","yoast_head_json":{"title":"Yrityksest\u00e4 - LVI Remes Oy","description":"Vuonna 2021 perustettu LVI Remes Oy tarjoaa Jyv\u00e4skyl\u00e4n alueella asiakasl\u00e4ht\u00f6isi\u00e4 ja luotettavia LVI-palveluja ilman piilokuluja.","robots":{"index":"index","follow":"follow","max-snippet":"max-snippet:-1","max-image-preview":"max-image-preview:large","max-video-preview":"max-video-preview:-1"},"canonical":"https:\/\/lviremes.fi\/index.php\/tietoja\/","og_locale":"fi_FI","og_type":"article","og_title":"Yrityksest\u00e4 - LVI Remes Oy","og_description":"Vuonna 2021 perustettu LVI Remes Oy tarjoaa Jyv\u00e4skyl\u00e4n alueella asiakasl\u00e4ht\u00f6isi\u00e4 ja luotettavia LVI-palveluja ilman piilokuluja.","og_url":"https:\/\/lviremes.fi\/index.php\/tietoja\/","og_site_name":"LVI Remes Oy","article_modified_time":"2025-04-22T08:34:40+00:00","og_image":[{"width":1785,"height":2560,"url":"https:\/\/lviremes.fi\/wp-content\/uploads\/2022\/09\/cropped-20220906_125638-scaled-1-scaled.jpg","type":"image\/jpeg"}],"twitter_card":"summary_large_image","twitter_misc":{"Arvioitu lukuaika":"1 minuutti"},"schema":{"@context":"https:\/\/schema.org","@graph":[{"@type":"WebPage","@id":"https:\/\/lviremes.fi\/index.php\/tietoja\/","url":"https:\/\/lviremes.fi\/index.php\/tietoja\/","name":"Yrityksest\u00e4 - LVI Remes Oy","isPartOf":{"@id":"https:\/\/lviremes.fi\/#website"},"primaryImageOfPage":{"@id":"https:\/\/lviremes.fi\/index.php\/tietoja\/#primaryimage"},"image":{"@id":"https:\/\/lviremes.fi\/index.php\/tietoja\/#primaryimage"},"thumbnailUrl":"https:\/\/lviremes.fi\/wp-content\/uploads\/2022\/09\/cropped-20220906_125638-scaled-1-scaled.jpg","datePublished":"2022-09-02T15:34:39+00:00","dateModified":"2025-04-22T08:34:40+00:00","description":"Vuonna 2021 perustettu LVI Remes Oy tarjoaa Jyv\u00e4skyl\u00e4n alueella asiakasl\u00e4ht\u00f6isi\u00e4 ja luotettavia LVI-palveluja ilman piilokuluja.","breadcrumb":{"@id":"https:\/\/lviremes.fi\/index.php\/tietoja\/#breadcrumb"},"inLanguage":"fi","potentialAction":[{"@type":"ReadAction","target":["https:\/\/lviremes.fi\/index.php\/tietoja\/"]}]},{"@type":"ImageObject","inLanguage":"fi","@id":"https:\/\/lviremes.fi\/index.php\/tietoja\/#primaryimage","url":"https:\/\/lviremes.fi\/wp-content\/uploads\/2022\/09\/cropped-20220906_125638-scaled-1-scaled.jpg","contentUrl":"https:\/\/lviremes.fi\/wp-content\/uploads\/2022\/09\/cropped-20220906_125638-scaled-1-scaled.jpg","width":1785,"height":2560},{"@type":"BreadcrumbList","@id":"https:\/\/lviremes.fi\/index.php\/tietoja\/#breadcrumb","itemListElement":[{"@type":"ListItem","position":1,"name":"Etusivu","item":"https:\/\/lviremes.fi\/"},{"@type":"ListItem","position":2,"name":"Yrityksest\u00e4"}]},{"@type":"WebSite","@id":"https:\/\/lviremes.fi\/#website","url":"https:\/\/lviremes.fi\/","name":"LVI Remes Oy","description":"LVI-asennus ja huolto Jyv&auml;skyl&auml;ss&auml;","publisher":{"@id":"https:\/\/lviremes.fi\/#organization"},"potentialAction":[{"@type":"SearchAction","target":{"@type":"EntryPoint","urlTemplate":"https:\/\/lviremes.fi\/?s={search_term_string}"},"query-input":{"@type":"PropertyValueSpecification","valueRequired":true,"valueName":"search_term_string"}}],"inLanguage":"fi"},{"@type":"Organization","@id":"https:\/\/lviremes.fi\/#organization","name":"LVI Remes Oy","url":"https:\/\/lviremes.fi\/","logo":{"@type":"ImageObject","inLanguage":"fi","@id":"https:\/\/lviremes.fi\/#\/schema\/logo\/image\/","url":"https:\/\/lviremes.fi\/wp-content\/uploads\/2022\/09\/cropped-sinilogot.png","contentUrl":"https:\/\/lviremes.fi\/wp-content\/uploads\/2022\/09\/cropped-sinilogot.png","width":1314,"height":250,"caption":"LVI Remes Oy"},"image":{"@id":"https:\/\/lviremes.fi\/#\/schema\/logo\/image\/"}}]}},"_links":{"self":[{"href":"https:\/\/lviremes.fi\/index.php\/wp-json\/wp\/v2\/pages\/52","targetHints":{"allow":["GET"]}}],"collection":[{"href":"https:\/\/lviremes.fi\/index.php\/wp-json\/wp\/v2\/pages"}],"about":[{"href":"https:\/\/lviremes.fi\/index.php\/wp-json\/wp\/v2\/types\/page"}],"author":[{"embeddable":true,"href":"https:\/\/lviremes.fi\/index.php\/wp-json\/wp\/v2\/users\/1"}],"replies":[{"embeddable":true,"href":"https:\/\/lviremes.fi\/index.php\/wp-json\/wp\/v2\/comments?post=52"}],"version-history":[{"count":3,"href":"https:\/\/lviremes.fi\/index.php\/wp-json\/wp\/v2\/pages\/52\/revisions"}],"predecessor-version":[{"id":885,"href":"https:\/\/lviremes.fi\/index.php\/wp-json\/wp\/v2\/pages\/52\/revisions\/885"}],"wp:featuredmedia":[{"embeddable":true,"href":"https:\/\/lviremes.fi\/index.php\/wp-json\/wp\/v2\/media\/139"}],"wp:attachment":[{"href":"https:\/\/lviremes.fi\/index.php\/wp-json\/wp\/v2\/media?parent=52"}],"curies":[{"name":"wp","href":"https:\/\/api.w.org\/{rel}","templated":true}]}}