{"id":430,"date":"2024-07-06T11:06:08","date_gmt":"2024-07-06T11:06:08","guid":{"rendered":"https:\/\/lviremes.fi\/?page_id=430"},"modified":"2024-10-31T15:48:36","modified_gmt":"2024-10-31T15:48:36","slug":"rahoitus","status":"publish","type":"page","link":"https:\/\/lviremes.fi\/index.php\/rahoitus\/","title":{"rendered":"Rahoitus"},"content":{"rendered":"\n<p>Rahoita putkiremontti, kaukol\u00e4mp\u00f6paketin tai maal\u00e4mp\u00f6pumpun asennus vaivatta OP:n rahoituksella.<\/p>\n\n\n\n<ul class=\"wp-block-list\">\n<li>Rahoitus 2 500\u201350 000 \u20ac.<\/li>\n\n\n\n<li>Joustava takaisinmaksuaika.<\/li>\n\n\n\n<li>Korko OP-prime + 6,95 %*.<\/li>\n\n\n\n<li>Laskutuspalkkio 7 \u20ac\/kk.<\/li>\n\n\n\n<li>Kuukausi korotonta ja kulutonta maksuaikaa.<\/li>\n\n\n\n<li>Voit maksaa koko luoton kerralla pois ilman lis\u00e4kuluja.<\/li>\n<\/ul>\n\n\n\n<div class=\"wp-block-buttons is-layout-flex wp-block-buttons-is-layout-flex\">\n<div class=\"wp-block-button\"><a class=\"wp-block-button__link wp-element-button\" href=\"https:\/\/eficode.pohjola-finance.fi\/kertaluotto-uusi\/lviremesoy\">Hae OP Rahoitusta<\/a><\/div>\n<\/div>\n\n\n\n<p><em>Rahoitus on kertaluotto, jonka todellinen vuosikorko 7 500 euron luotolle on 12,56 %, kun luoton korko on OP-prime + 6,95 % (10,45 % 10\/23), perustamismaksu 0 \u20ac ja laskutuspalkkio 7 \u20ac\/kk. Arvioitu luoton kokonaiskustannus on 11&nbsp;316,32 \u20ac. Laskelma on tehty olettaen, ett\u00e4 luotto on nostettu kokonaan, luoton korko sek\u00e4 maksut ja palkkiot pysyv\u00e4t samana koko luottoajan ja luotto maksetaan takaisin 128 \u20ac minimilyhennyksin (1,70 % luoton m\u00e4\u00e4r\u00e4st\u00e4) kuukauden v\u00e4lein, jolloin luottoaika on 89 kk. Luoton my\u00f6nt\u00e4\u00e4 OP Yrityspankki Oyj, Gebhardinaukio 1, 00510 Helsinki.<\/em><\/p>\n\n\n\n<p><\/p>\n\n\n\n<figure class=\"wp-block-image size-full\"><img fetchpriority=\"high\" decoding=\"async\" width=\"808\" height=\"393\" src=\"https:\/\/lviremes.fi\/wp-content\/uploads\/2024\/07\/image.png\" alt=\"\" class=\"wp-image-435\" srcset=\"https:\/\/lviremes.fi\/wp-content\/uploads\/2024\/07\/image.png 808w, https:\/\/lviremes.fi\/wp-content\/uploads\/2024\/07\/image-300x146.png 300w, https:\/\/lviremes.fi\/wp-content\/uploads\/2024\/07\/image-768x374.png 768w\" sizes=\"(max-width: 767px) 89vw, (max-width: 1000px) 54vw, (max-width: 1071px) 543px, 580px\" \/><\/figure>\n\n\n\n<div class=\"wp-block-buttons is-content-justification-right is-layout-flex wp-container-core-buttons-is-layout-765c4724 wp-block-buttons-is-layout-flex\">\n<div class=\"wp-block-button\"><a class=\"wp-block-button__link wp-element-button\" href=\"https:\/\/lviremes.fi\/index.php\/palvelut-2\/\">Takaisin<\/a><\/div>\n<\/div>\n","protected":false},"excerpt":{"rendered":"<p>Rahoita putkiremontti, kaukol\u00e4mp\u00f6paketin tai maal\u00e4mp\u00f6pumpun asennus vaivatta OP:n rahoituksella. Rahoitus on kertaluotto, jonka todellinen vuosikorko 7 500 euron luotolle on 12,56 %, kun luoton korko on OP-prime + 6,95 % (10,45 % 10\/23), perustamismaksu 0 \u20ac ja laskutuspalkkio 7 \u20ac\/kk. Arvioitu luoton kokonaiskustannus on 11&nbsp;316,32 \u20ac. Laskelma on tehty olettaen, ett\u00e4 luotto on nostettu kokonaan, &hellip; <\/p>\n<p class=\"link-more\"><a href=\"https:\/\/lviremes.fi\/index.php\/rahoitus\/\" class=\"more-link\">Jatka lukemista<span class=\"screen-reader-text\"> &#8221;Rahoitus&#8221;<\/span><\/a><\/p>\n","protected":false},"author":1,"featured_media":0,"parent":0,"menu_order":0,"comment_status":"closed","ping_status":"closed","template":"","meta":{"footnotes":""},"class_list":["post-430","page","type-page","status-publish","hentry"],"yoast_head":"<!-- This site is optimized with the Yoast SEO plugin v27.4 - https:\/\/yoast.com\/product\/yoast-seo-wordpress\/ -->\n<title>Rahoitus - LVI Remes Oy<\/title>\n<meta name=\"robots\" content=\"index, follow, max-snippet:-1, max-image-preview:large, max-video-preview:-1\" \/>\n<link rel=\"canonical\" href=\"https:\/\/lviremes.fi\/index.php\/rahoitus\/\" \/>\n<meta property=\"og:locale\" content=\"fi_FI\" \/>\n<meta property=\"og:type\" content=\"article\" \/>\n<meta property=\"og:title\" content=\"Rahoitus - LVI Remes Oy\" \/>\n<meta property=\"og:description\" content=\"Rahoita putkiremontti, kaukol\u00e4mp\u00f6paketin tai maal\u00e4mp\u00f6pumpun asennus vaivatta OP:n rahoituksella. Rahoitus on kertaluotto, jonka todellinen vuosikorko 7 500 euron luotolle on 12,56 %, kun luoton korko on OP-prime + 6,95 % (10,45 % 10\/23), perustamismaksu 0 \u20ac ja laskutuspalkkio 7 \u20ac\/kk. Arvioitu luoton kokonaiskustannus on 11&nbsp;316,32 \u20ac. Laskelma on tehty olettaen, ett\u00e4 luotto on nostettu kokonaan, &hellip; Jatka lukemista &quot;Rahoitus&quot;\" \/>\n<meta property=\"og:url\" content=\"https:\/\/lviremes.fi\/index.php\/rahoitus\/\" \/>\n<meta property=\"og:site_name\" content=\"LVI Remes Oy\" \/>\n<meta property=\"article:modified_time\" content=\"2024-10-31T15:48:36+00:00\" \/>\n<meta property=\"og:image\" content=\"https:\/\/lviremes.fi\/wp-content\/uploads\/2024\/07\/image.png\" \/>\n\t<meta property=\"og:image:width\" content=\"808\" \/>\n\t<meta property=\"og:image:height\" content=\"393\" \/>\n\t<meta property=\"og:image:type\" content=\"image\/png\" \/>\n<meta name=\"twitter:card\" content=\"summary_large_image\" \/>\n<meta name=\"twitter:label1\" content=\"Arvioitu lukuaika\" \/>\n\t<meta name=\"twitter:data1\" content=\"1 minuutti\" \/>\n<script type=\"application\/ld+json\" class=\"yoast-schema-graph\">{\"@context\":\"https:\\\/\\\/schema.org\",\"@graph\":[{\"@type\":\"WebPage\",\"@id\":\"https:\\\/\\\/lviremes.fi\\\/index.php\\\/rahoitus\\\/\",\"url\":\"https:\\\/\\\/lviremes.fi\\\/index.php\\\/rahoitus\\\/\",\"name\":\"Rahoitus - LVI Remes Oy\",\"isPartOf\":{\"@id\":\"https:\\\/\\\/lviremes.fi\\\/#website\"},\"primaryImageOfPage\":{\"@id\":\"https:\\\/\\\/lviremes.fi\\\/index.php\\\/rahoitus\\\/#primaryimage\"},\"image\":{\"@id\":\"https:\\\/\\\/lviremes.fi\\\/index.php\\\/rahoitus\\\/#primaryimage\"},\"thumbnailUrl\":\"https:\\\/\\\/lviremes.fi\\\/wp-content\\\/uploads\\\/2024\\\/07\\\/image.png\",\"datePublished\":\"2024-07-06T11:06:08+00:00\",\"dateModified\":\"2024-10-31T15:48:36+00:00\",\"breadcrumb\":{\"@id\":\"https:\\\/\\\/lviremes.fi\\\/index.php\\\/rahoitus\\\/#breadcrumb\"},\"inLanguage\":\"fi\",\"potentialAction\":[{\"@type\":\"ReadAction\",\"target\":[\"https:\\\/\\\/lviremes.fi\\\/index.php\\\/rahoitus\\\/\"]}]},{\"@type\":\"ImageObject\",\"inLanguage\":\"fi\",\"@id\":\"https:\\\/\\\/lviremes.fi\\\/index.php\\\/rahoitus\\\/#primaryimage\",\"url\":\"https:\\\/\\\/lviremes.fi\\\/wp-content\\\/uploads\\\/2024\\\/07\\\/image.png\",\"contentUrl\":\"https:\\\/\\\/lviremes.fi\\\/wp-content\\\/uploads\\\/2024\\\/07\\\/image.png\",\"width\":808,\"height\":393},{\"@type\":\"BreadcrumbList\",\"@id\":\"https:\\\/\\\/lviremes.fi\\\/index.php\\\/rahoitus\\\/#breadcrumb\",\"itemListElement\":[{\"@type\":\"ListItem\",\"position\":1,\"name\":\"Etusivu\",\"item\":\"https:\\\/\\\/lviremes.fi\\\/\"},{\"@type\":\"ListItem\",\"position\":2,\"name\":\"Rahoitus\"}]},{\"@type\":\"WebSite\",\"@id\":\"https:\\\/\\\/lviremes.fi\\\/#website\",\"url\":\"https:\\\/\\\/lviremes.fi\\\/\",\"name\":\"LVI Remes Oy\",\"description\":\"LVI-asennus ja huolto Jyv&auml;skyl&auml;ss&auml;\",\"publisher\":{\"@id\":\"https:\\\/\\\/lviremes.fi\\\/#organization\"},\"potentialAction\":[{\"@type\":\"SearchAction\",\"target\":{\"@type\":\"EntryPoint\",\"urlTemplate\":\"https:\\\/\\\/lviremes.fi\\\/?s={search_term_string}\"},\"query-input\":{\"@type\":\"PropertyValueSpecification\",\"valueRequired\":true,\"valueName\":\"search_term_string\"}}],\"inLanguage\":\"fi\"},{\"@type\":\"Organization\",\"@id\":\"https:\\\/\\\/lviremes.fi\\\/#organization\",\"name\":\"LVI Remes Oy\",\"url\":\"https:\\\/\\\/lviremes.fi\\\/\",\"logo\":{\"@type\":\"ImageObject\",\"inLanguage\":\"fi\",\"@id\":\"https:\\\/\\\/lviremes.fi\\\/#\\\/schema\\\/logo\\\/image\\\/\",\"url\":\"https:\\\/\\\/lviremes.fi\\\/wp-content\\\/uploads\\\/2022\\\/09\\\/cropped-sinilogot.png\",\"contentUrl\":\"https:\\\/\\\/lviremes.fi\\\/wp-content\\\/uploads\\\/2022\\\/09\\\/cropped-sinilogot.png\",\"width\":1314,\"height\":250,\"caption\":\"LVI Remes Oy\"},\"image\":{\"@id\":\"https:\\\/\\\/lviremes.fi\\\/#\\\/schema\\\/logo\\\/image\\\/\"}}]}<\/script>\n<!-- \/ Yoast SEO plugin. -->","yoast_head_json":{"title":"Rahoitus - LVI Remes Oy","robots":{"index":"index","follow":"follow","max-snippet":"max-snippet:-1","max-image-preview":"max-image-preview:large","max-video-preview":"max-video-preview:-1"},"canonical":"https:\/\/lviremes.fi\/index.php\/rahoitus\/","og_locale":"fi_FI","og_type":"article","og_title":"Rahoitus - LVI Remes Oy","og_description":"Rahoita putkiremontti, kaukol\u00e4mp\u00f6paketin tai maal\u00e4mp\u00f6pumpun asennus vaivatta OP:n rahoituksella. Rahoitus on kertaluotto, jonka todellinen vuosikorko 7 500 euron luotolle on 12,56 %, kun luoton korko on OP-prime + 6,95 % (10,45 % 10\/23), perustamismaksu 0 \u20ac ja laskutuspalkkio 7 \u20ac\/kk. Arvioitu luoton kokonaiskustannus on 11&nbsp;316,32 \u20ac. Laskelma on tehty olettaen, ett\u00e4 luotto on nostettu kokonaan, &hellip; Jatka lukemista \"Rahoitus\"","og_url":"https:\/\/lviremes.fi\/index.php\/rahoitus\/","og_site_name":"LVI Remes Oy","article_modified_time":"2024-10-31T15:48:36+00:00","og_image":[{"width":808,"height":393,"url":"https:\/\/lviremes.fi\/wp-content\/uploads\/2024\/07\/image.png","type":"image\/png"}],"twitter_card":"summary_large_image","twitter_misc":{"Arvioitu lukuaika":"1 minuutti"},"schema":{"@context":"https:\/\/schema.org","@graph":[{"@type":"WebPage","@id":"https:\/\/lviremes.fi\/index.php\/rahoitus\/","url":"https:\/\/lviremes.fi\/index.php\/rahoitus\/","name":"Rahoitus - LVI Remes Oy","isPartOf":{"@id":"https:\/\/lviremes.fi\/#website"},"primaryImageOfPage":{"@id":"https:\/\/lviremes.fi\/index.php\/rahoitus\/#primaryimage"},"image":{"@id":"https:\/\/lviremes.fi\/index.php\/rahoitus\/#primaryimage"},"thumbnailUrl":"https:\/\/lviremes.fi\/wp-content\/uploads\/2024\/07\/image.png","datePublished":"2024-07-06T11:06:08+00:00","dateModified":"2024-10-31T15:48:36+00:00","breadcrumb":{"@id":"https:\/\/lviremes.fi\/index.php\/rahoitus\/#breadcrumb"},"inLanguage":"fi","potentialAction":[{"@type":"ReadAction","target":["https:\/\/lviremes.fi\/index.php\/rahoitus\/"]}]},{"@type":"ImageObject","inLanguage":"fi","@id":"https:\/\/lviremes.fi\/index.php\/rahoitus\/#primaryimage","url":"https:\/\/lviremes.fi\/wp-content\/uploads\/2024\/07\/image.png","contentUrl":"https:\/\/lviremes.fi\/wp-content\/uploads\/2024\/07\/image.png","width":808,"height":393},{"@type":"BreadcrumbList","@id":"https:\/\/lviremes.fi\/index.php\/rahoitus\/#breadcrumb","itemListElement":[{"@type":"ListItem","position":1,"name":"Etusivu","item":"https:\/\/lviremes.fi\/"},{"@type":"ListItem","position":2,"name":"Rahoitus"}]},{"@type":"WebSite","@id":"https:\/\/lviremes.fi\/#website","url":"https:\/\/lviremes.fi\/","name":"LVI Remes Oy","description":"LVI-asennus ja huolto Jyv&auml;skyl&auml;ss&auml;","publisher":{"@id":"https:\/\/lviremes.fi\/#organization"},"potentialAction":[{"@type":"SearchAction","target":{"@type":"EntryPoint","urlTemplate":"https:\/\/lviremes.fi\/?s={search_term_string}"},"query-input":{"@type":"PropertyValueSpecification","valueRequired":true,"valueName":"search_term_string"}}],"inLanguage":"fi"},{"@type":"Organization","@id":"https:\/\/lviremes.fi\/#organization","name":"LVI Remes Oy","url":"https:\/\/lviremes.fi\/","logo":{"@type":"ImageObject","inLanguage":"fi","@id":"https:\/\/lviremes.fi\/#\/schema\/logo\/image\/","url":"https:\/\/lviremes.fi\/wp-content\/uploads\/2022\/09\/cropped-sinilogot.png","contentUrl":"https:\/\/lviremes.fi\/wp-content\/uploads\/2022\/09\/cropped-sinilogot.png","width":1314,"height":250,"caption":"LVI Remes Oy"},"image":{"@id":"https:\/\/lviremes.fi\/#\/schema\/logo\/image\/"}}]}},"_links":{"self":[{"href":"https:\/\/lviremes.fi\/index.php\/wp-json\/wp\/v2\/pages\/430","targetHints":{"allow":["GET"]}}],"collection":[{"href":"https:\/\/lviremes.fi\/index.php\/wp-json\/wp\/v2\/pages"}],"about":[{"href":"https:\/\/lviremes.fi\/index.php\/wp-json\/wp\/v2\/types\/page"}],"author":[{"embeddable":true,"href":"https:\/\/lviremes.fi\/index.php\/wp-json\/wp\/v2\/users\/1"}],"replies":[{"embeddable":true,"href":"https:\/\/lviremes.fi\/index.php\/wp-json\/wp\/v2\/comments?post=430"}],"version-history":[{"count":0,"href":"https:\/\/lviremes.fi\/index.php\/wp-json\/wp\/v2\/pages\/430\/revisions"}],"wp:attachment":[{"href":"https:\/\/lviremes.fi\/index.php\/wp-json\/wp\/v2\/media?parent=430"}],"curies":[{"name":"wp","href":"https:\/\/api.w.org\/{rel}","templated":true}]}}