{"id":189,"date":"2023-04-28T18:20:07","date_gmt":"2023-04-28T18:20:07","guid":{"rendered":"https:\/\/lviremes.fi\/?page_id=189"},"modified":"2024-11-03T13:17:29","modified_gmt":"2024-11-03T13:17:29","slug":"huolto","status":"publish","type":"page","link":"https:\/\/lviremes.fi\/index.php\/huolto\/","title":{"rendered":"Huolto"},"content":{"rendered":"\n<p>Huoltopalvelumme kattavat monipuolisesti erilaiset LVI-j\u00e4rjestelmien huolto- ja korjausty\u00f6t. S\u00e4\u00e4nn\u00f6llinen huolto varmistaa, ett\u00e4 kotisi tai kiinteist\u00f6si LVI-j\u00e4rjestelm\u00e4t toimivat luotettavasti ja energiatehokkaasti.<\/p>\n\n\n\n<p><strong>Tarjoamme seuraavia huoltopalveluita:<\/strong><\/p>\n\n\n\n<ul class=\"wp-block-list\">\n<li><strong>Vesikalusteiden huolto ja asennus:<\/strong>\n<ul class=\"wp-block-list\">\n<li>Hanojen ja suihkujen vaihto sek\u00e4 korjaus<\/li>\n\n\n\n<li>WC-istuinten asennus ja huolto<\/li>\n\n\n\n<li>L\u00e4mminvesivaraajien vaihtoty\u00f6<\/li>\n\n\n\n<li>Astianpesukoneiden asennus ja liit\u00e4nt\u00e4ty\u00f6t<\/li>\n\n\n\n<li>Pyykinpesukoneen asennus ja liit\u00e4nt\u00e4ty\u00f6t<\/li>\n<\/ul>\n<\/li>\n\n\n\n<li><strong>L\u00e4mmitysj\u00e4rjestelmien huolto:<\/strong>\n<ul class=\"wp-block-list\">\n<li>Patteriventtiilin ja termostaatin vaihtoty\u00f6<\/li>\n\n\n\n<li>L\u00e4mmitysj\u00e4rjestelm\u00e4n muutosty\u00f6t<\/li>\n\n\n\n<li>L\u00e4mmitysj\u00e4rjestelm\u00e4n s\u00e4\u00e4ty\u00f6t<\/li>\n\n\n\n<li>L\u00e4mmityspattereiden lis\u00e4\u00e4minen olemassa olevaan j\u00e4rjestelm\u00e4\u00e4n<\/li>\n<\/ul>\n<\/li>\n\n\n\n<li><strong>Putkistojen huolto ja korjaus:<\/strong>\n<ul class=\"wp-block-list\">\n<li>K\u00e4ytt\u00f6vesiputkistojen saneeraukset<\/li>\n\n\n\n<li>L\u00e4mmitysputkistojen korjaukset<\/li>\n\n\n\n<li>Putkivuotojen korjaus<\/li>\n<\/ul>\n<\/li>\n\n\n\n<li><strong>L\u00e4mp\u00f6pumppujen huolto ja korjaus<\/strong>\n<ul class=\"wp-block-list\">\n<li>L\u00e4mp\u00f6pumpun huolto ja korjausty\u00f6t<\/li>\n\n\n\n<li>Kylm\u00e4ainet\u00e4ytt\u00f6<\/li>\n\n\n\n<li>Kylm\u00e4aineen talteenotto<\/li>\n\n\n\n<li>Vian etsint\u00e4 ja korjaus<\/li>\n<\/ul>\n<\/li>\n<\/ul>\n\n\n\n<p><strong>Miksi valita LVI Remes Oy huoltopalvelut?<\/strong><\/p>\n\n\n\n<ul class=\"wp-block-list\">\n<li><strong>Asiantunteva palvelu:<\/strong> Kokemus takaa laadukkaan ty\u00f6nj\u00e4ljen ja asiakasl\u00e4ht\u00f6isen palvelun.<\/li>\n\n\n\n<li><strong>Kilpailukykyiset hinnat:<\/strong> Tarjoamme palvelumme kohtuulliseen hintaan ilman turhia lis\u00e4kustannuksia.<\/li>\n\n\n\n<li><strong>Tunnemme laitteet ja j\u00e4rjestelm\u00e4t<\/strong>.<\/li>\n\n\n\n<li><strong>Tulemme toimeen ihmisten ja el\u00e4inten kanssa<\/strong>. Koiraihmisen\u00e4 p\u00e4rj\u00e4\u00e4n my\u00f6s sinun lemmikkisi kanssa vaikka olisi reaktiivinen, kanssani ei tarvitse pel\u00e4t\u00e4 ett\u00e4 koira pit\u00e4\u00e4 vied\u00e4 piikille koska se puri putkimiest\u00e4. Huomiomme kissanne ja muut kotiel\u00e4imet kun liikumme kodissanne eik\u00e4 asiakkaan tarvitse pel\u00e4t\u00e4 ett\u00e4 rakas lemmikki karkaa kun huolimaton asentaja j\u00e4tt\u00e4\u00e4 ovet sel\u00e4lleen.<\/li>\n<\/ul>\n\n\n\n<div class=\"wp-block-columns is-layout-flex wp-container-core-columns-is-layout-9d6595d7 wp-block-columns-is-layout-flex\">\n<div class=\"wp-block-column is-layout-flow wp-block-column-is-layout-flow\">\n<figure class=\"wp-block-image size-large\"><img fetchpriority=\"high\" decoding=\"async\" width=\"576\" height=\"1024\" src=\"https:\/\/lviremes.fi\/wp-content\/uploads\/2023\/04\/20220812_132112-576x1024.jpg\" alt=\"\" class=\"wp-image-190\" srcset=\"https:\/\/lviremes.fi\/wp-content\/uploads\/2023\/04\/20220812_132112-576x1024.jpg 576w, https:\/\/lviremes.fi\/wp-content\/uploads\/2023\/04\/20220812_132112-169x300.jpg 169w, https:\/\/lviremes.fi\/wp-content\/uploads\/2023\/04\/20220812_132112-768x1365.jpg 768w, https:\/\/lviremes.fi\/wp-content\/uploads\/2023\/04\/20220812_132112-864x1536.jpg 864w, https:\/\/lviremes.fi\/wp-content\/uploads\/2023\/04\/20220812_132112-1152x2048.jpg 1152w, https:\/\/lviremes.fi\/wp-content\/uploads\/2023\/04\/20220812_132112-scaled.jpg 1440w\" sizes=\"(max-width: 576px) 100vw, 576px\" \/><\/figure>\n<\/div>\n<\/div>\n\n\n\n<div class=\"wp-block-buttons is-content-justification-right is-layout-flex wp-container-core-buttons-is-layout-765c4724 wp-block-buttons-is-layout-flex\">\n<div class=\"wp-block-button\"><a class=\"wp-block-button__link wp-element-button\" href=\"https:\/\/lviremes.fi\/index.php\/palvelut-2\/\">Takaisin<\/a><\/div>\n<\/div>\n","protected":false},"excerpt":{"rendered":"<p>Huoltopalvelumme kattavat monipuolisesti erilaiset LVI-j\u00e4rjestelmien huolto- ja korjausty\u00f6t. S\u00e4\u00e4nn\u00f6llinen huolto varmistaa, ett\u00e4 kotisi tai kiinteist\u00f6si LVI-j\u00e4rjestelm\u00e4t toimivat luotettavasti ja energiatehokkaasti. Tarjoamme seuraavia huoltopalveluita: Miksi valita LVI Remes Oy huoltopalvelut?<\/p>\n","protected":false},"author":1,"featured_media":0,"parent":0,"menu_order":0,"comment_status":"closed","ping_status":"closed","template":"","meta":{"footnotes":""},"class_list":["post-189","page","type-page","status-publish","hentry"],"yoast_head":"<!-- This site is optimized with the Yoast SEO plugin v27.4 - https:\/\/yoast.com\/product\/yoast-seo-wordpress\/ -->\n<title>Huolto - LVI Remes Oy<\/title>\n<meta name=\"description\" content=\"LVI Remes Oy tarjoaa monipuolisia LVI-huoltopalveluita Jyv\u00e4skyl\u00e4n alueella, kuten vesikalusteiden l\u00e4mmitysj\u00e4rjestelmien korjauksia ja huoltoja.\" \/>\n<meta name=\"robots\" content=\"index, follow, max-snippet:-1, max-image-preview:large, max-video-preview:-1\" \/>\n<link rel=\"canonical\" href=\"https:\/\/lviremes.fi\/index.php\/huolto\/\" \/>\n<meta property=\"og:locale\" content=\"fi_FI\" \/>\n<meta property=\"og:type\" content=\"article\" \/>\n<meta property=\"og:title\" content=\"Huolto - LVI Remes Oy\" \/>\n<meta property=\"og:description\" content=\"LVI Remes Oy tarjoaa monipuolisia LVI-huoltopalveluita Jyv\u00e4skyl\u00e4n alueella, kuten vesikalusteiden l\u00e4mmitysj\u00e4rjestelmien korjauksia ja huoltoja.\" \/>\n<meta property=\"og:url\" content=\"https:\/\/lviremes.fi\/index.php\/huolto\/\" \/>\n<meta property=\"og:site_name\" content=\"LVI Remes Oy\" \/>\n<meta property=\"article:modified_time\" content=\"2024-11-03T13:17:29+00:00\" \/>\n<meta property=\"og:image\" content=\"https:\/\/lviremes.fi\/wp-content\/uploads\/2023\/04\/20220812_132112-scaled.jpg\" \/>\n\t<meta property=\"og:image:width\" content=\"1440\" \/>\n\t<meta property=\"og:image:height\" content=\"2560\" \/>\n\t<meta property=\"og:image:type\" content=\"image\/jpeg\" \/>\n<meta name=\"twitter:card\" content=\"summary_large_image\" \/>\n<meta name=\"twitter:label1\" content=\"Arvioitu lukuaika\" \/>\n\t<meta name=\"twitter:data1\" content=\"2 minuuttia\" \/>\n<script type=\"application\/ld+json\" class=\"yoast-schema-graph\">{\"@context\":\"https:\\\/\\\/schema.org\",\"@graph\":[{\"@type\":\"WebPage\",\"@id\":\"https:\\\/\\\/lviremes.fi\\\/index.php\\\/huolto\\\/\",\"url\":\"https:\\\/\\\/lviremes.fi\\\/index.php\\\/huolto\\\/\",\"name\":\"Huolto - LVI Remes Oy\",\"isPartOf\":{\"@id\":\"https:\\\/\\\/lviremes.fi\\\/#website\"},\"primaryImageOfPage\":{\"@id\":\"https:\\\/\\\/lviremes.fi\\\/index.php\\\/huolto\\\/#primaryimage\"},\"image\":{\"@id\":\"https:\\\/\\\/lviremes.fi\\\/index.php\\\/huolto\\\/#primaryimage\"},\"thumbnailUrl\":\"https:\\\/\\\/lviremes.fi\\\/wp-content\\\/uploads\\\/2023\\\/04\\\/20220812_132112-576x1024.jpg\",\"datePublished\":\"2023-04-28T18:20:07+00:00\",\"dateModified\":\"2024-11-03T13:17:29+00:00\",\"description\":\"LVI Remes Oy tarjoaa monipuolisia LVI-huoltopalveluita Jyv\u00e4skyl\u00e4n alueella, kuten vesikalusteiden l\u00e4mmitysj\u00e4rjestelmien korjauksia ja huoltoja.\",\"breadcrumb\":{\"@id\":\"https:\\\/\\\/lviremes.fi\\\/index.php\\\/huolto\\\/#breadcrumb\"},\"inLanguage\":\"fi\",\"potentialAction\":[{\"@type\":\"ReadAction\",\"target\":[\"https:\\\/\\\/lviremes.fi\\\/index.php\\\/huolto\\\/\"]}]},{\"@type\":\"ImageObject\",\"inLanguage\":\"fi\",\"@id\":\"https:\\\/\\\/lviremes.fi\\\/index.php\\\/huolto\\\/#primaryimage\",\"url\":\"https:\\\/\\\/lviremes.fi\\\/wp-content\\\/uploads\\\/2023\\\/04\\\/20220812_132112-scaled.jpg\",\"contentUrl\":\"https:\\\/\\\/lviremes.fi\\\/wp-content\\\/uploads\\\/2023\\\/04\\\/20220812_132112-scaled.jpg\",\"width\":1440,\"height\":2560},{\"@type\":\"BreadcrumbList\",\"@id\":\"https:\\\/\\\/lviremes.fi\\\/index.php\\\/huolto\\\/#breadcrumb\",\"itemListElement\":[{\"@type\":\"ListItem\",\"position\":1,\"name\":\"Etusivu\",\"item\":\"https:\\\/\\\/lviremes.fi\\\/\"},{\"@type\":\"ListItem\",\"position\":2,\"name\":\"Huolto\"}]},{\"@type\":\"WebSite\",\"@id\":\"https:\\\/\\\/lviremes.fi\\\/#website\",\"url\":\"https:\\\/\\\/lviremes.fi\\\/\",\"name\":\"LVI Remes Oy\",\"description\":\"LVI-asennus ja huolto Jyv&auml;skyl&auml;ss&auml;\",\"publisher\":{\"@id\":\"https:\\\/\\\/lviremes.fi\\\/#organization\"},\"potentialAction\":[{\"@type\":\"SearchAction\",\"target\":{\"@type\":\"EntryPoint\",\"urlTemplate\":\"https:\\\/\\\/lviremes.fi\\\/?s={search_term_string}\"},\"query-input\":{\"@type\":\"PropertyValueSpecification\",\"valueRequired\":true,\"valueName\":\"search_term_string\"}}],\"inLanguage\":\"fi\"},{\"@type\":\"Organization\",\"@id\":\"https:\\\/\\\/lviremes.fi\\\/#organization\",\"name\":\"LVI Remes Oy\",\"url\":\"https:\\\/\\\/lviremes.fi\\\/\",\"logo\":{\"@type\":\"ImageObject\",\"inLanguage\":\"fi\",\"@id\":\"https:\\\/\\\/lviremes.fi\\\/#\\\/schema\\\/logo\\\/image\\\/\",\"url\":\"https:\\\/\\\/lviremes.fi\\\/wp-content\\\/uploads\\\/2022\\\/09\\\/cropped-sinilogot.png\",\"contentUrl\":\"https:\\\/\\\/lviremes.fi\\\/wp-content\\\/uploads\\\/2022\\\/09\\\/cropped-sinilogot.png\",\"width\":1314,\"height\":250,\"caption\":\"LVI Remes Oy\"},\"image\":{\"@id\":\"https:\\\/\\\/lviremes.fi\\\/#\\\/schema\\\/logo\\\/image\\\/\"}}]}<\/script>\n<!-- \/ Yoast SEO plugin. -->","yoast_head_json":{"title":"Huolto - LVI Remes Oy","description":"LVI Remes Oy tarjoaa monipuolisia LVI-huoltopalveluita Jyv\u00e4skyl\u00e4n alueella, kuten vesikalusteiden l\u00e4mmitysj\u00e4rjestelmien korjauksia ja huoltoja.","robots":{"index":"index","follow":"follow","max-snippet":"max-snippet:-1","max-image-preview":"max-image-preview:large","max-video-preview":"max-video-preview:-1"},"canonical":"https:\/\/lviremes.fi\/index.php\/huolto\/","og_locale":"fi_FI","og_type":"article","og_title":"Huolto - LVI Remes Oy","og_description":"LVI Remes Oy tarjoaa monipuolisia LVI-huoltopalveluita Jyv\u00e4skyl\u00e4n alueella, kuten vesikalusteiden l\u00e4mmitysj\u00e4rjestelmien korjauksia ja huoltoja.","og_url":"https:\/\/lviremes.fi\/index.php\/huolto\/","og_site_name":"LVI Remes Oy","article_modified_time":"2024-11-03T13:17:29+00:00","og_image":[{"width":1440,"height":2560,"url":"https:\/\/lviremes.fi\/wp-content\/uploads\/2023\/04\/20220812_132112-scaled.jpg","type":"image\/jpeg"}],"twitter_card":"summary_large_image","twitter_misc":{"Arvioitu lukuaika":"2 minuuttia"},"schema":{"@context":"https:\/\/schema.org","@graph":[{"@type":"WebPage","@id":"https:\/\/lviremes.fi\/index.php\/huolto\/","url":"https:\/\/lviremes.fi\/index.php\/huolto\/","name":"Huolto - LVI Remes Oy","isPartOf":{"@id":"https:\/\/lviremes.fi\/#website"},"primaryImageOfPage":{"@id":"https:\/\/lviremes.fi\/index.php\/huolto\/#primaryimage"},"image":{"@id":"https:\/\/lviremes.fi\/index.php\/huolto\/#primaryimage"},"thumbnailUrl":"https:\/\/lviremes.fi\/wp-content\/uploads\/2023\/04\/20220812_132112-576x1024.jpg","datePublished":"2023-04-28T18:20:07+00:00","dateModified":"2024-11-03T13:17:29+00:00","description":"LVI Remes Oy tarjoaa monipuolisia LVI-huoltopalveluita Jyv\u00e4skyl\u00e4n alueella, kuten vesikalusteiden l\u00e4mmitysj\u00e4rjestelmien korjauksia ja huoltoja.","breadcrumb":{"@id":"https:\/\/lviremes.fi\/index.php\/huolto\/#breadcrumb"},"inLanguage":"fi","potentialAction":[{"@type":"ReadAction","target":["https:\/\/lviremes.fi\/index.php\/huolto\/"]}]},{"@type":"ImageObject","inLanguage":"fi","@id":"https:\/\/lviremes.fi\/index.php\/huolto\/#primaryimage","url":"https:\/\/lviremes.fi\/wp-content\/uploads\/2023\/04\/20220812_132112-scaled.jpg","contentUrl":"https:\/\/lviremes.fi\/wp-content\/uploads\/2023\/04\/20220812_132112-scaled.jpg","width":1440,"height":2560},{"@type":"BreadcrumbList","@id":"https:\/\/lviremes.fi\/index.php\/huolto\/#breadcrumb","itemListElement":[{"@type":"ListItem","position":1,"name":"Etusivu","item":"https:\/\/lviremes.fi\/"},{"@type":"ListItem","position":2,"name":"Huolto"}]},{"@type":"WebSite","@id":"https:\/\/lviremes.fi\/#website","url":"https:\/\/lviremes.fi\/","name":"LVI Remes Oy","description":"LVI-asennus ja huolto Jyv&auml;skyl&auml;ss&auml;","publisher":{"@id":"https:\/\/lviremes.fi\/#organization"},"potentialAction":[{"@type":"SearchAction","target":{"@type":"EntryPoint","urlTemplate":"https:\/\/lviremes.fi\/?s={search_term_string}"},"query-input":{"@type":"PropertyValueSpecification","valueRequired":true,"valueName":"search_term_string"}}],"inLanguage":"fi"},{"@type":"Organization","@id":"https:\/\/lviremes.fi\/#organization","name":"LVI Remes Oy","url":"https:\/\/lviremes.fi\/","logo":{"@type":"ImageObject","inLanguage":"fi","@id":"https:\/\/lviremes.fi\/#\/schema\/logo\/image\/","url":"https:\/\/lviremes.fi\/wp-content\/uploads\/2022\/09\/cropped-sinilogot.png","contentUrl":"https:\/\/lviremes.fi\/wp-content\/uploads\/2022\/09\/cropped-sinilogot.png","width":1314,"height":250,"caption":"LVI Remes Oy"},"image":{"@id":"https:\/\/lviremes.fi\/#\/schema\/logo\/image\/"}}]}},"_links":{"self":[{"href":"https:\/\/lviremes.fi\/index.php\/wp-json\/wp\/v2\/pages\/189","targetHints":{"allow":["GET"]}}],"collection":[{"href":"https:\/\/lviremes.fi\/index.php\/wp-json\/wp\/v2\/pages"}],"about":[{"href":"https:\/\/lviremes.fi\/index.php\/wp-json\/wp\/v2\/types\/page"}],"author":[{"embeddable":true,"href":"https:\/\/lviremes.fi\/index.php\/wp-json\/wp\/v2\/users\/1"}],"replies":[{"embeddable":true,"href":"https:\/\/lviremes.fi\/index.php\/wp-json\/wp\/v2\/comments?post=189"}],"version-history":[{"count":1,"href":"https:\/\/lviremes.fi\/index.php\/wp-json\/wp\/v2\/pages\/189\/revisions"}],"predecessor-version":[{"id":844,"href":"https:\/\/lviremes.fi\/index.php\/wp-json\/wp\/v2\/pages\/189\/revisions\/844"}],"wp:attachment":[{"href":"https:\/\/lviremes.fi\/index.php\/wp-json\/wp\/v2\/media?parent=189"}],"curies":[{"name":"wp","href":"https:\/\/api.w.org\/{rel}","templated":true}]}}