{"id":185,"date":"2023-04-28T18:24:46","date_gmt":"2023-04-28T18:24:46","guid":{"rendered":"https:\/\/lviremes.fi\/?page_id=185"},"modified":"2024-11-03T13:33:21","modified_gmt":"2024-11-03T13:33:21","slug":"maalampo","status":"publish","type":"page","link":"https:\/\/lviremes.fi\/index.php\/maalampo\/","title":{"rendered":"Maal\u00e4mp\u00f6"},"content":{"rendered":"\n<p>Maal\u00e4mp\u00f6 on ymp\u00e4rist\u00f6yst\u00e4v\u00e4llinen ja taloudellinen l\u00e4mmitysratkaisu, joka hy\u00f6dynt\u00e4\u00e4 maaper\u00e4\u00e4n varastoitunutta uusiutuvaa energiaa. Se v\u00e4hent\u00e4\u00e4 merkitt\u00e4v\u00e4sti l\u00e4mmityskustannuksia verrattuna perinteisiin \u00f6ljy- tai s\u00e4hk\u00f6l\u00e4mmitysj\u00e4rjestelmiin. Maal\u00e4mp\u00f6j\u00e4rjestelm\u00e4 koostuu maal\u00e4mp\u00f6pumpusta ja maahan asennettavasta keruupiirist\u00e4, joka voi olla joko pystysuora porakaivo tai vaakasuora maapiiri. J\u00e4rjestelm\u00e4 soveltuu erityisen hyvin uudisrakennuksiin ja omakotitaloihin, mutta se voidaan asentaa my\u00f6s saneerauskohteisiin. LVI Remes Oy tarjoaa laadukkaita maal\u00e4mp\u00f6ratkaisuja, laatumerkeilt\u00e4, avaimet k\u00e4teen -periaatteella. Autamme sinua valitsemaan juuri sinun tarpeisiisi sopivan maal\u00e4mp\u00f6j\u00e4rjestelm\u00e4n, joka takaa energiatehokkaan ja luotettavan l\u00e4mmityksen vuosiksi eteenp\u00e4in.<\/p>\n\n\n\n<div class=\"wp-block-columns is-layout-flex wp-container-core-columns-is-layout-9d6595d7 wp-block-columns-is-layout-flex\">\n<div class=\"wp-block-column is-layout-flow wp-block-column-is-layout-flow\">\n<figure class=\"wp-block-gallery has-nested-images columns-default is-cropped wp-block-gallery-1 is-layout-flex wp-block-gallery-is-layout-flex\">\n<figure class=\"wp-block-image size-large\"><img fetchpriority=\"high\" decoding=\"async\" width=\"891\" height=\"1024\" data-id=\"278\" src=\"https:\/\/lviremes.fi\/wp-content\/uploads\/2023\/05\/20230515_152409-891x1024.jpg\" alt=\"\" class=\"wp-image-278\" srcset=\"https:\/\/lviremes.fi\/wp-content\/uploads\/2023\/05\/20230515_152409-891x1024.jpg 891w, https:\/\/lviremes.fi\/wp-content\/uploads\/2023\/05\/20230515_152409-261x300.jpg 261w, https:\/\/lviremes.fi\/wp-content\/uploads\/2023\/05\/20230515_152409-768x883.jpg 768w, https:\/\/lviremes.fi\/wp-content\/uploads\/2023\/05\/20230515_152409-1337x1536.jpg 1337w, https:\/\/lviremes.fi\/wp-content\/uploads\/2023\/05\/20230515_152409-1782x2048.jpg 1782w\" sizes=\"(max-width: 767px) 89vw, (max-width: 1000px) 54vw, (max-width: 1071px) 543px, 580px\" \/><\/figure>\n<\/figure>\n<\/div>\n<\/div>\n\n\n\n<div class=\"wp-block-buttons is-content-justification-right is-layout-flex wp-container-core-buttons-is-layout-765c4724 wp-block-buttons-is-layout-flex\">\n<div class=\"wp-block-button\"><a class=\"wp-block-button__link wp-element-button\" href=\"https:\/\/lviremes.fi\/index.php\/palvelut-2\/\">Takaisin<\/a><\/div>\n<\/div>\n","protected":false},"excerpt":{"rendered":"<p>Maal\u00e4mp\u00f6 on ymp\u00e4rist\u00f6yst\u00e4v\u00e4llinen ja taloudellinen l\u00e4mmitysratkaisu, joka hy\u00f6dynt\u00e4\u00e4 maaper\u00e4\u00e4n varastoitunutta uusiutuvaa energiaa. Se v\u00e4hent\u00e4\u00e4 merkitt\u00e4v\u00e4sti l\u00e4mmityskustannuksia verrattuna perinteisiin \u00f6ljy- tai s\u00e4hk\u00f6l\u00e4mmitysj\u00e4rjestelmiin. Maal\u00e4mp\u00f6j\u00e4rjestelm\u00e4 koostuu maal\u00e4mp\u00f6pumpusta ja maahan asennettavasta keruupiirist\u00e4, joka voi olla joko pystysuora porakaivo tai vaakasuora maapiiri. J\u00e4rjestelm\u00e4 soveltuu erityisen hyvin uudisrakennuksiin ja omakotitaloihin, mutta se voidaan asentaa my\u00f6s saneerauskohteisiin. LVI Remes Oy tarjoaa laadukkaita &hellip; <\/p>\n<p class=\"link-more\"><a href=\"https:\/\/lviremes.fi\/index.php\/maalampo\/\" class=\"more-link\">Jatka lukemista<span class=\"screen-reader-text\"> &#8221;Maal\u00e4mp\u00f6&#8221;<\/span><\/a><\/p>\n","protected":false},"author":1,"featured_media":0,"parent":0,"menu_order":0,"comment_status":"closed","ping_status":"closed","template":"","meta":{"footnotes":""},"class_list":["post-185","page","type-page","status-publish","hentry"],"yoast_head":"<!-- This site is optimized with the Yoast SEO plugin v27.4 - https:\/\/yoast.com\/product\/yoast-seo-wordpress\/ -->\n<title>Maal\u00e4mp\u00f6 - LVI Remes Oy<\/title>\n<meta name=\"description\" content=\"LVI Remes Oy tarjoaa energiatehokkaat maal\u00e4mp\u00f6ratkaisut Jyv\u00e4skyl\u00e4n alueella avaimet k\u00e4teen periaattella.\" \/>\n<meta name=\"robots\" content=\"index, follow, max-snippet:-1, max-image-preview:large, max-video-preview:-1\" \/>\n<link rel=\"canonical\" href=\"https:\/\/lviremes.fi\/index.php\/maalampo\/\" \/>\n<meta property=\"og:locale\" content=\"fi_FI\" \/>\n<meta property=\"og:type\" content=\"article\" \/>\n<meta property=\"og:title\" content=\"Maal\u00e4mp\u00f6 - LVI Remes Oy\" \/>\n<meta property=\"og:description\" content=\"LVI Remes Oy tarjoaa energiatehokkaat maal\u00e4mp\u00f6ratkaisut Jyv\u00e4skyl\u00e4n alueella avaimet k\u00e4teen periaattella.\" \/>\n<meta property=\"og:url\" content=\"https:\/\/lviremes.fi\/index.php\/maalampo\/\" \/>\n<meta property=\"og:site_name\" content=\"LVI Remes Oy\" \/>\n<meta property=\"article:modified_time\" content=\"2024-11-03T13:33:21+00:00\" \/>\n<meta property=\"og:image\" content=\"https:\/\/lviremes.fi\/wp-content\/uploads\/2023\/05\/20230515_152409-scaled.jpg\" \/>\n\t<meta property=\"og:image:width\" content=\"2228\" \/>\n\t<meta property=\"og:image:height\" content=\"2560\" \/>\n\t<meta property=\"og:image:type\" content=\"image\/jpeg\" \/>\n<meta name=\"twitter:card\" content=\"summary_large_image\" \/>\n<meta name=\"twitter:label1\" content=\"Arvioitu lukuaika\" \/>\n\t<meta name=\"twitter:data1\" content=\"1 minuutti\" \/>\n<script type=\"application\/ld+json\" class=\"yoast-schema-graph\">{\"@context\":\"https:\\\/\\\/schema.org\",\"@graph\":[{\"@type\":\"WebPage\",\"@id\":\"https:\\\/\\\/lviremes.fi\\\/index.php\\\/maalampo\\\/\",\"url\":\"https:\\\/\\\/lviremes.fi\\\/index.php\\\/maalampo\\\/\",\"name\":\"Maal\u00e4mp\u00f6 - LVI Remes Oy\",\"isPartOf\":{\"@id\":\"https:\\\/\\\/lviremes.fi\\\/#website\"},\"primaryImageOfPage\":{\"@id\":\"https:\\\/\\\/lviremes.fi\\\/index.php\\\/maalampo\\\/#primaryimage\"},\"image\":{\"@id\":\"https:\\\/\\\/lviremes.fi\\\/index.php\\\/maalampo\\\/#primaryimage\"},\"thumbnailUrl\":\"https:\\\/\\\/lviremes.fi\\\/wp-content\\\/uploads\\\/2023\\\/05\\\/20230515_152409-891x1024.jpg\",\"datePublished\":\"2023-04-28T18:24:46+00:00\",\"dateModified\":\"2024-11-03T13:33:21+00:00\",\"description\":\"LVI Remes Oy tarjoaa energiatehokkaat maal\u00e4mp\u00f6ratkaisut Jyv\u00e4skyl\u00e4n alueella avaimet k\u00e4teen periaattella.\",\"breadcrumb\":{\"@id\":\"https:\\\/\\\/lviremes.fi\\\/index.php\\\/maalampo\\\/#breadcrumb\"},\"inLanguage\":\"fi\",\"potentialAction\":[{\"@type\":\"ReadAction\",\"target\":[\"https:\\\/\\\/lviremes.fi\\\/index.php\\\/maalampo\\\/\"]}]},{\"@type\":\"ImageObject\",\"inLanguage\":\"fi\",\"@id\":\"https:\\\/\\\/lviremes.fi\\\/index.php\\\/maalampo\\\/#primaryimage\",\"url\":\"https:\\\/\\\/lviremes.fi\\\/wp-content\\\/uploads\\\/2023\\\/05\\\/20230515_152409-scaled.jpg\",\"contentUrl\":\"https:\\\/\\\/lviremes.fi\\\/wp-content\\\/uploads\\\/2023\\\/05\\\/20230515_152409-scaled.jpg\",\"width\":2228,\"height\":2560},{\"@type\":\"BreadcrumbList\",\"@id\":\"https:\\\/\\\/lviremes.fi\\\/index.php\\\/maalampo\\\/#breadcrumb\",\"itemListElement\":[{\"@type\":\"ListItem\",\"position\":1,\"name\":\"Etusivu\",\"item\":\"https:\\\/\\\/lviremes.fi\\\/\"},{\"@type\":\"ListItem\",\"position\":2,\"name\":\"Maal\u00e4mp\u00f6\"}]},{\"@type\":\"WebSite\",\"@id\":\"https:\\\/\\\/lviremes.fi\\\/#website\",\"url\":\"https:\\\/\\\/lviremes.fi\\\/\",\"name\":\"LVI Remes Oy\",\"description\":\"LVI-asennus ja huolto Jyv&auml;skyl&auml;ss&auml;\",\"publisher\":{\"@id\":\"https:\\\/\\\/lviremes.fi\\\/#organization\"},\"potentialAction\":[{\"@type\":\"SearchAction\",\"target\":{\"@type\":\"EntryPoint\",\"urlTemplate\":\"https:\\\/\\\/lviremes.fi\\\/?s={search_term_string}\"},\"query-input\":{\"@type\":\"PropertyValueSpecification\",\"valueRequired\":true,\"valueName\":\"search_term_string\"}}],\"inLanguage\":\"fi\"},{\"@type\":\"Organization\",\"@id\":\"https:\\\/\\\/lviremes.fi\\\/#organization\",\"name\":\"LVI Remes Oy\",\"url\":\"https:\\\/\\\/lviremes.fi\\\/\",\"logo\":{\"@type\":\"ImageObject\",\"inLanguage\":\"fi\",\"@id\":\"https:\\\/\\\/lviremes.fi\\\/#\\\/schema\\\/logo\\\/image\\\/\",\"url\":\"https:\\\/\\\/lviremes.fi\\\/wp-content\\\/uploads\\\/2022\\\/09\\\/cropped-sinilogot.png\",\"contentUrl\":\"https:\\\/\\\/lviremes.fi\\\/wp-content\\\/uploads\\\/2022\\\/09\\\/cropped-sinilogot.png\",\"width\":1314,\"height\":250,\"caption\":\"LVI Remes Oy\"},\"image\":{\"@id\":\"https:\\\/\\\/lviremes.fi\\\/#\\\/schema\\\/logo\\\/image\\\/\"}}]}<\/script>\n<!-- \/ Yoast SEO plugin. -->","yoast_head_json":{"title":"Maal\u00e4mp\u00f6 - LVI Remes Oy","description":"LVI Remes Oy tarjoaa energiatehokkaat maal\u00e4mp\u00f6ratkaisut Jyv\u00e4skyl\u00e4n alueella avaimet k\u00e4teen periaattella.","robots":{"index":"index","follow":"follow","max-snippet":"max-snippet:-1","max-image-preview":"max-image-preview:large","max-video-preview":"max-video-preview:-1"},"canonical":"https:\/\/lviremes.fi\/index.php\/maalampo\/","og_locale":"fi_FI","og_type":"article","og_title":"Maal\u00e4mp\u00f6 - LVI Remes Oy","og_description":"LVI Remes Oy tarjoaa energiatehokkaat maal\u00e4mp\u00f6ratkaisut Jyv\u00e4skyl\u00e4n alueella avaimet k\u00e4teen periaattella.","og_url":"https:\/\/lviremes.fi\/index.php\/maalampo\/","og_site_name":"LVI Remes Oy","article_modified_time":"2024-11-03T13:33:21+00:00","og_image":[{"width":2228,"height":2560,"url":"https:\/\/lviremes.fi\/wp-content\/uploads\/2023\/05\/20230515_152409-scaled.jpg","type":"image\/jpeg"}],"twitter_card":"summary_large_image","twitter_misc":{"Arvioitu lukuaika":"1 minuutti"},"schema":{"@context":"https:\/\/schema.org","@graph":[{"@type":"WebPage","@id":"https:\/\/lviremes.fi\/index.php\/maalampo\/","url":"https:\/\/lviremes.fi\/index.php\/maalampo\/","name":"Maal\u00e4mp\u00f6 - LVI Remes Oy","isPartOf":{"@id":"https:\/\/lviremes.fi\/#website"},"primaryImageOfPage":{"@id":"https:\/\/lviremes.fi\/index.php\/maalampo\/#primaryimage"},"image":{"@id":"https:\/\/lviremes.fi\/index.php\/maalampo\/#primaryimage"},"thumbnailUrl":"https:\/\/lviremes.fi\/wp-content\/uploads\/2023\/05\/20230515_152409-891x1024.jpg","datePublished":"2023-04-28T18:24:46+00:00","dateModified":"2024-11-03T13:33:21+00:00","description":"LVI Remes Oy tarjoaa energiatehokkaat maal\u00e4mp\u00f6ratkaisut Jyv\u00e4skyl\u00e4n alueella avaimet k\u00e4teen periaattella.","breadcrumb":{"@id":"https:\/\/lviremes.fi\/index.php\/maalampo\/#breadcrumb"},"inLanguage":"fi","potentialAction":[{"@type":"ReadAction","target":["https:\/\/lviremes.fi\/index.php\/maalampo\/"]}]},{"@type":"ImageObject","inLanguage":"fi","@id":"https:\/\/lviremes.fi\/index.php\/maalampo\/#primaryimage","url":"https:\/\/lviremes.fi\/wp-content\/uploads\/2023\/05\/20230515_152409-scaled.jpg","contentUrl":"https:\/\/lviremes.fi\/wp-content\/uploads\/2023\/05\/20230515_152409-scaled.jpg","width":2228,"height":2560},{"@type":"BreadcrumbList","@id":"https:\/\/lviremes.fi\/index.php\/maalampo\/#breadcrumb","itemListElement":[{"@type":"ListItem","position":1,"name":"Etusivu","item":"https:\/\/lviremes.fi\/"},{"@type":"ListItem","position":2,"name":"Maal\u00e4mp\u00f6"}]},{"@type":"WebSite","@id":"https:\/\/lviremes.fi\/#website","url":"https:\/\/lviremes.fi\/","name":"LVI Remes Oy","description":"LVI-asennus ja huolto Jyv&auml;skyl&auml;ss&auml;","publisher":{"@id":"https:\/\/lviremes.fi\/#organization"},"potentialAction":[{"@type":"SearchAction","target":{"@type":"EntryPoint","urlTemplate":"https:\/\/lviremes.fi\/?s={search_term_string}"},"query-input":{"@type":"PropertyValueSpecification","valueRequired":true,"valueName":"search_term_string"}}],"inLanguage":"fi"},{"@type":"Organization","@id":"https:\/\/lviremes.fi\/#organization","name":"LVI Remes Oy","url":"https:\/\/lviremes.fi\/","logo":{"@type":"ImageObject","inLanguage":"fi","@id":"https:\/\/lviremes.fi\/#\/schema\/logo\/image\/","url":"https:\/\/lviremes.fi\/wp-content\/uploads\/2022\/09\/cropped-sinilogot.png","contentUrl":"https:\/\/lviremes.fi\/wp-content\/uploads\/2022\/09\/cropped-sinilogot.png","width":1314,"height":250,"caption":"LVI Remes Oy"},"image":{"@id":"https:\/\/lviremes.fi\/#\/schema\/logo\/image\/"}}]}},"_links":{"self":[{"href":"https:\/\/lviremes.fi\/index.php\/wp-json\/wp\/v2\/pages\/185","targetHints":{"allow":["GET"]}}],"collection":[{"href":"https:\/\/lviremes.fi\/index.php\/wp-json\/wp\/v2\/pages"}],"about":[{"href":"https:\/\/lviremes.fi\/index.php\/wp-json\/wp\/v2\/types\/page"}],"author":[{"embeddable":true,"href":"https:\/\/lviremes.fi\/index.php\/wp-json\/wp\/v2\/users\/1"}],"replies":[{"embeddable":true,"href":"https:\/\/lviremes.fi\/index.php\/wp-json\/wp\/v2\/comments?post=185"}],"version-history":[{"count":2,"href":"https:\/\/lviremes.fi\/index.php\/wp-json\/wp\/v2\/pages\/185\/revisions"}],"predecessor-version":[{"id":851,"href":"https:\/\/lviremes.fi\/index.php\/wp-json\/wp\/v2\/pages\/185\/revisions\/851"}],"wp:attachment":[{"href":"https:\/\/lviremes.fi\/index.php\/wp-json\/wp\/v2\/media?parent=185"}],"curies":[{"name":"wp","href":"https:\/\/api.w.org\/{rel}","templated":true}]}}