{"id":182,"date":"2023-04-28T18:22:09","date_gmt":"2023-04-28T18:22:09","guid":{"rendered":"https:\/\/lviremes.fi\/?page_id=182"},"modified":"2024-11-03T13:29:19","modified_gmt":"2024-11-03T13:29:19","slug":"ilma-vesi-lampopumput","status":"publish","type":"page","link":"https:\/\/lviremes.fi\/index.php\/ilma-vesi-lampopumput\/","title":{"rendered":"Ilma-vesi l\u00e4mp\u00f6pumput"},"content":{"rendered":"\n<p>Ilma-vesil\u00e4mp\u00f6pumppu on energiatehokas ja ymp\u00e4rist\u00f6yst\u00e4v\u00e4llinen valinta l\u00e4mmitysj\u00e4rjestelm\u00e4ksi sek\u00e4 vanhoihin ett\u00e4 uusiin rakennuksiin. Se hy\u00f6dynt\u00e4\u00e4 ulkoilman l\u00e4mp\u00f6energiaa ja siirt\u00e4\u00e4 sen veden v\u00e4lityksell\u00e4 talon l\u00e4mmitysj\u00e4rjestelm\u00e4\u00e4n, mik\u00e4 tekee siit\u00e4 erinomaisen vaihtoehdon perinteisten l\u00e4mmitysmuotojen, kuten \u00f6ljyl\u00e4mmityksen, korvaamiseen.<\/p>\n\n\n\n<p>Nykyaikaiset Ilma-vesil\u00e4mp\u00f6pumput toimivat hyvin my\u00f6s pohjoisissa, kylmiss\u00e4 olosuhteissa ja tarjoavat korkeaa hy\u00f6tysuhdetta, mik\u00e4 voi tuoda merkitt\u00e4vi\u00e4 s\u00e4\u00e4st\u00f6j\u00e4 l\u00e4mmityskustannuksissa. J\u00e4rjestelm\u00e4 soveltuu sek\u00e4 vesikiertoisiin lattial\u00e4mmityksiin ett\u00e4 patteril\u00e4mmitysj\u00e4rjestelmiin, joten se voidaan integroida useisiin erilaisiin kohteisiin.<\/p>\n\n\n\n<p>Asennus on usein suoraviivaista, ja pumppu voidaan asentaa sek\u00e4 uusiin ett\u00e4 vanhoihin taloihin. Valitsemalla ilma-vesil\u00e4mp\u00f6pumpun k\u00e4ytt\u00e4j\u00e4 voi v\u00e4hent\u00e4\u00e4 huomattavasti hiilidioksidip\u00e4\u00e4st\u00f6j\u00e4\u00e4n, sill\u00e4 j\u00e4rjestelm\u00e4 hy\u00f6dynt\u00e4\u00e4 uusiutuvaa energiaa ja v\u00e4hent\u00e4\u00e4 riippuvuutta fossiilisista polttoaineista. Lis\u00e4ksi monissa ilma-vesil\u00e4mp\u00f6pumpuissa on mahdollisuus yhdist\u00e4\u00e4 j\u00e4rjestelm\u00e4 l\u00e4mpim\u00e4n k\u00e4ytt\u00f6veden tuottamiseen, mik\u00e4 tekee siit\u00e4 monipuolisen ratkaisun l\u00e4mmitystarpeisiin ymp\u00e4ri vuoden.<\/p>\n\n\n\n<div class=\"wp-block-buttons is-layout-flex wp-block-buttons-is-layout-flex\">\n<div class=\"wp-block-button\"><a class=\"wp-block-button__link wp-element-button\" href=\"https:\/\/www.daikin.fi\/fi_fi\/tuoteryhmat\/ilma-vesilampopumput.html\">Daikin mallisto<\/a><\/div>\n\n\n\n<div class=\"wp-block-button\"><a class=\"wp-block-button__link wp-element-button\" href=\"https:\/\/www.toshibasuomi.fi\/tuotteet\/ilmavesilampopumput\/toshiba-estia-ilma-vesilampopumppu\/\">Toshiba mallisto<\/a><\/div>\n\n\n\n<div class=\"wp-block-button\"><a class=\"wp-block-button__link wp-element-button\" href=\"https:\/\/scanoffice.fi\/ilma-vesilampopumput\/\">Mitsubishi Mallisto<\/a><\/div>\n<\/div>\n\n\n\n<div class=\"wp-block-columns is-layout-flex wp-container-core-columns-is-layout-9d6595d7 wp-block-columns-is-layout-flex\">\n<div class=\"wp-block-column is-layout-flow wp-block-column-is-layout-flow\">\n<figure class=\"wp-block-image size-large\"><img fetchpriority=\"high\" decoding=\"async\" width=\"1024\" height=\"569\" src=\"https:\/\/lviremes.fi\/wp-content\/uploads\/2023\/04\/Daikin-Altherma-ilma-vesilampopumppu-sisayksikko-1-1024x569.jpg\" alt=\"\" class=\"wp-image-183\" srcset=\"https:\/\/lviremes.fi\/wp-content\/uploads\/2023\/04\/Daikin-Altherma-ilma-vesilampopumppu-sisayksikko-1-1024x569.jpg 1024w, https:\/\/lviremes.fi\/wp-content\/uploads\/2023\/04\/Daikin-Altherma-ilma-vesilampopumppu-sisayksikko-1-300x167.jpg 300w, https:\/\/lviremes.fi\/wp-content\/uploads\/2023\/04\/Daikin-Altherma-ilma-vesilampopumppu-sisayksikko-1-768x427.jpg 768w, https:\/\/lviremes.fi\/wp-content\/uploads\/2023\/04\/Daikin-Altherma-ilma-vesilampopumppu-sisayksikko-1-1536x854.jpg 1536w, https:\/\/lviremes.fi\/wp-content\/uploads\/2023\/04\/Daikin-Altherma-ilma-vesilampopumppu-sisayksikko-1.jpg 2001w\" sizes=\"(max-width: 767px) 89vw, (max-width: 1000px) 54vw, (max-width: 1071px) 543px, 580px\" \/><\/figure>\n<\/div>\n<\/div>\n\n\n\n<div class=\"wp-block-buttons is-content-justification-right is-layout-flex wp-container-core-buttons-is-layout-765c4724 wp-block-buttons-is-layout-flex\">\n<div class=\"wp-block-button\"><a class=\"wp-block-button__link wp-element-button\" href=\"https:\/\/lviremes.fi\/index.php\/palvelut-2\/\">Takaisin<\/a><\/div>\n<\/div>\n","protected":false},"excerpt":{"rendered":"<p>Ilma-vesil\u00e4mp\u00f6pumppu on energiatehokas ja ymp\u00e4rist\u00f6yst\u00e4v\u00e4llinen valinta l\u00e4mmitysj\u00e4rjestelm\u00e4ksi sek\u00e4 vanhoihin ett\u00e4 uusiin rakennuksiin. Se hy\u00f6dynt\u00e4\u00e4 ulkoilman l\u00e4mp\u00f6energiaa ja siirt\u00e4\u00e4 sen veden v\u00e4lityksell\u00e4 talon l\u00e4mmitysj\u00e4rjestelm\u00e4\u00e4n, mik\u00e4 tekee siit\u00e4 erinomaisen vaihtoehdon perinteisten l\u00e4mmitysmuotojen, kuten \u00f6ljyl\u00e4mmityksen, korvaamiseen. Nykyaikaiset Ilma-vesil\u00e4mp\u00f6pumput toimivat hyvin my\u00f6s pohjoisissa, kylmiss\u00e4 olosuhteissa ja tarjoavat korkeaa hy\u00f6tysuhdetta, mik\u00e4 voi tuoda merkitt\u00e4vi\u00e4 s\u00e4\u00e4st\u00f6j\u00e4 l\u00e4mmityskustannuksissa. J\u00e4rjestelm\u00e4 soveltuu sek\u00e4 vesikiertoisiin &hellip; <\/p>\n<p class=\"link-more\"><a href=\"https:\/\/lviremes.fi\/index.php\/ilma-vesi-lampopumput\/\" class=\"more-link\">Jatka lukemista<span class=\"screen-reader-text\"> &#8221;Ilma-vesi l\u00e4mp\u00f6pumput&#8221;<\/span><\/a><\/p>\n","protected":false},"author":1,"featured_media":0,"parent":0,"menu_order":0,"comment_status":"closed","ping_status":"closed","template":"","meta":{"footnotes":""},"class_list":["post-182","page","type-page","status-publish","hentry"],"yoast_head":"<!-- This site is optimized with the Yoast SEO plugin v27.4 - https:\/\/yoast.com\/product\/yoast-seo-wordpress\/ -->\n<title>Ilma-vesi l\u00e4mp\u00f6pumput - LVI Remes Oy<\/title>\n<meta name=\"description\" content=\"LVI Remes Oy tarjoaa ilma-vesil\u00e4mp\u00f6pumppujen myynti\u00e4 ja asennusta Jyv\u00e4skyl\u00e4n alueella. Laaja valikoima laatumerkkej\u00e4 esimerkiksi \u00f6ljyn tilalle\" \/>\n<meta name=\"robots\" content=\"index, follow, max-snippet:-1, max-image-preview:large, max-video-preview:-1\" \/>\n<link rel=\"canonical\" href=\"https:\/\/lviremes.fi\/index.php\/ilma-vesi-lampopumput\/\" \/>\n<meta property=\"og:locale\" content=\"fi_FI\" \/>\n<meta property=\"og:type\" content=\"article\" \/>\n<meta property=\"og:title\" content=\"Ilma-vesi l\u00e4mp\u00f6pumput - LVI Remes Oy\" \/>\n<meta property=\"og:description\" content=\"LVI Remes Oy tarjoaa ilma-vesil\u00e4mp\u00f6pumppujen myynti\u00e4 ja asennusta Jyv\u00e4skyl\u00e4n alueella. Laaja valikoima laatumerkkej\u00e4 esimerkiksi \u00f6ljyn tilalle\" \/>\n<meta property=\"og:url\" content=\"https:\/\/lviremes.fi\/index.php\/ilma-vesi-lampopumput\/\" \/>\n<meta property=\"og:site_name\" content=\"LVI Remes Oy\" \/>\n<meta property=\"article:modified_time\" content=\"2024-11-03T13:29:19+00:00\" \/>\n<meta property=\"og:image\" content=\"https:\/\/lviremes.fi\/wp-content\/uploads\/2023\/04\/Daikin-Altherma-ilma-vesilampopumppu-sisayksikko-1.jpg\" \/>\n\t<meta property=\"og:image:width\" content=\"2001\" \/>\n\t<meta property=\"og:image:height\" content=\"1112\" \/>\n\t<meta property=\"og:image:type\" content=\"image\/jpeg\" \/>\n<meta name=\"twitter:card\" content=\"summary_large_image\" \/>\n<meta name=\"twitter:label1\" content=\"Arvioitu lukuaika\" \/>\n\t<meta name=\"twitter:data1\" content=\"1 minuutti\" \/>\n<script type=\"application\/ld+json\" class=\"yoast-schema-graph\">{\"@context\":\"https:\\\/\\\/schema.org\",\"@graph\":[{\"@type\":\"WebPage\",\"@id\":\"https:\\\/\\\/lviremes.fi\\\/index.php\\\/ilma-vesi-lampopumput\\\/\",\"url\":\"https:\\\/\\\/lviremes.fi\\\/index.php\\\/ilma-vesi-lampopumput\\\/\",\"name\":\"Ilma-vesi l\u00e4mp\u00f6pumput - LVI Remes Oy\",\"isPartOf\":{\"@id\":\"https:\\\/\\\/lviremes.fi\\\/#website\"},\"primaryImageOfPage\":{\"@id\":\"https:\\\/\\\/lviremes.fi\\\/index.php\\\/ilma-vesi-lampopumput\\\/#primaryimage\"},\"image\":{\"@id\":\"https:\\\/\\\/lviremes.fi\\\/index.php\\\/ilma-vesi-lampopumput\\\/#primaryimage\"},\"thumbnailUrl\":\"https:\\\/\\\/lviremes.fi\\\/wp-content\\\/uploads\\\/2023\\\/04\\\/Daikin-Altherma-ilma-vesilampopumppu-sisayksikko-1-1024x569.jpg\",\"datePublished\":\"2023-04-28T18:22:09+00:00\",\"dateModified\":\"2024-11-03T13:29:19+00:00\",\"description\":\"LVI Remes Oy tarjoaa ilma-vesil\u00e4mp\u00f6pumppujen myynti\u00e4 ja asennusta Jyv\u00e4skyl\u00e4n alueella. Laaja valikoima laatumerkkej\u00e4 esimerkiksi \u00f6ljyn tilalle\",\"breadcrumb\":{\"@id\":\"https:\\\/\\\/lviremes.fi\\\/index.php\\\/ilma-vesi-lampopumput\\\/#breadcrumb\"},\"inLanguage\":\"fi\",\"potentialAction\":[{\"@type\":\"ReadAction\",\"target\":[\"https:\\\/\\\/lviremes.fi\\\/index.php\\\/ilma-vesi-lampopumput\\\/\"]}]},{\"@type\":\"ImageObject\",\"inLanguage\":\"fi\",\"@id\":\"https:\\\/\\\/lviremes.fi\\\/index.php\\\/ilma-vesi-lampopumput\\\/#primaryimage\",\"url\":\"https:\\\/\\\/lviremes.fi\\\/wp-content\\\/uploads\\\/2023\\\/04\\\/Daikin-Altherma-ilma-vesilampopumppu-sisayksikko-1.jpg\",\"contentUrl\":\"https:\\\/\\\/lviremes.fi\\\/wp-content\\\/uploads\\\/2023\\\/04\\\/Daikin-Altherma-ilma-vesilampopumppu-sisayksikko-1.jpg\",\"width\":2001,\"height\":1112},{\"@type\":\"BreadcrumbList\",\"@id\":\"https:\\\/\\\/lviremes.fi\\\/index.php\\\/ilma-vesi-lampopumput\\\/#breadcrumb\",\"itemListElement\":[{\"@type\":\"ListItem\",\"position\":1,\"name\":\"Etusivu\",\"item\":\"https:\\\/\\\/lviremes.fi\\\/\"},{\"@type\":\"ListItem\",\"position\":2,\"name\":\"Ilma-vesi l\u00e4mp\u00f6pumput\"}]},{\"@type\":\"WebSite\",\"@id\":\"https:\\\/\\\/lviremes.fi\\\/#website\",\"url\":\"https:\\\/\\\/lviremes.fi\\\/\",\"name\":\"LVI Remes Oy\",\"description\":\"LVI-asennus ja huolto Jyv&auml;skyl&auml;ss&auml;\",\"publisher\":{\"@id\":\"https:\\\/\\\/lviremes.fi\\\/#organization\"},\"potentialAction\":[{\"@type\":\"SearchAction\",\"target\":{\"@type\":\"EntryPoint\",\"urlTemplate\":\"https:\\\/\\\/lviremes.fi\\\/?s={search_term_string}\"},\"query-input\":{\"@type\":\"PropertyValueSpecification\",\"valueRequired\":true,\"valueName\":\"search_term_string\"}}],\"inLanguage\":\"fi\"},{\"@type\":\"Organization\",\"@id\":\"https:\\\/\\\/lviremes.fi\\\/#organization\",\"name\":\"LVI Remes Oy\",\"url\":\"https:\\\/\\\/lviremes.fi\\\/\",\"logo\":{\"@type\":\"ImageObject\",\"inLanguage\":\"fi\",\"@id\":\"https:\\\/\\\/lviremes.fi\\\/#\\\/schema\\\/logo\\\/image\\\/\",\"url\":\"https:\\\/\\\/lviremes.fi\\\/wp-content\\\/uploads\\\/2022\\\/09\\\/cropped-sinilogot.png\",\"contentUrl\":\"https:\\\/\\\/lviremes.fi\\\/wp-content\\\/uploads\\\/2022\\\/09\\\/cropped-sinilogot.png\",\"width\":1314,\"height\":250,\"caption\":\"LVI Remes Oy\"},\"image\":{\"@id\":\"https:\\\/\\\/lviremes.fi\\\/#\\\/schema\\\/logo\\\/image\\\/\"}}]}<\/script>\n<!-- \/ Yoast SEO plugin. -->","yoast_head_json":{"title":"Ilma-vesi l\u00e4mp\u00f6pumput - LVI Remes Oy","description":"LVI Remes Oy tarjoaa ilma-vesil\u00e4mp\u00f6pumppujen myynti\u00e4 ja asennusta Jyv\u00e4skyl\u00e4n alueella. Laaja valikoima laatumerkkej\u00e4 esimerkiksi \u00f6ljyn tilalle","robots":{"index":"index","follow":"follow","max-snippet":"max-snippet:-1","max-image-preview":"max-image-preview:large","max-video-preview":"max-video-preview:-1"},"canonical":"https:\/\/lviremes.fi\/index.php\/ilma-vesi-lampopumput\/","og_locale":"fi_FI","og_type":"article","og_title":"Ilma-vesi l\u00e4mp\u00f6pumput - LVI Remes Oy","og_description":"LVI Remes Oy tarjoaa ilma-vesil\u00e4mp\u00f6pumppujen myynti\u00e4 ja asennusta Jyv\u00e4skyl\u00e4n alueella. Laaja valikoima laatumerkkej\u00e4 esimerkiksi \u00f6ljyn tilalle","og_url":"https:\/\/lviremes.fi\/index.php\/ilma-vesi-lampopumput\/","og_site_name":"LVI Remes Oy","article_modified_time":"2024-11-03T13:29:19+00:00","og_image":[{"width":2001,"height":1112,"url":"https:\/\/lviremes.fi\/wp-content\/uploads\/2023\/04\/Daikin-Altherma-ilma-vesilampopumppu-sisayksikko-1.jpg","type":"image\/jpeg"}],"twitter_card":"summary_large_image","twitter_misc":{"Arvioitu lukuaika":"1 minuutti"},"schema":{"@context":"https:\/\/schema.org","@graph":[{"@type":"WebPage","@id":"https:\/\/lviremes.fi\/index.php\/ilma-vesi-lampopumput\/","url":"https:\/\/lviremes.fi\/index.php\/ilma-vesi-lampopumput\/","name":"Ilma-vesi l\u00e4mp\u00f6pumput - LVI Remes Oy","isPartOf":{"@id":"https:\/\/lviremes.fi\/#website"},"primaryImageOfPage":{"@id":"https:\/\/lviremes.fi\/index.php\/ilma-vesi-lampopumput\/#primaryimage"},"image":{"@id":"https:\/\/lviremes.fi\/index.php\/ilma-vesi-lampopumput\/#primaryimage"},"thumbnailUrl":"https:\/\/lviremes.fi\/wp-content\/uploads\/2023\/04\/Daikin-Altherma-ilma-vesilampopumppu-sisayksikko-1-1024x569.jpg","datePublished":"2023-04-28T18:22:09+00:00","dateModified":"2024-11-03T13:29:19+00:00","description":"LVI Remes Oy tarjoaa ilma-vesil\u00e4mp\u00f6pumppujen myynti\u00e4 ja asennusta Jyv\u00e4skyl\u00e4n alueella. Laaja valikoima laatumerkkej\u00e4 esimerkiksi \u00f6ljyn tilalle","breadcrumb":{"@id":"https:\/\/lviremes.fi\/index.php\/ilma-vesi-lampopumput\/#breadcrumb"},"inLanguage":"fi","potentialAction":[{"@type":"ReadAction","target":["https:\/\/lviremes.fi\/index.php\/ilma-vesi-lampopumput\/"]}]},{"@type":"ImageObject","inLanguage":"fi","@id":"https:\/\/lviremes.fi\/index.php\/ilma-vesi-lampopumput\/#primaryimage","url":"https:\/\/lviremes.fi\/wp-content\/uploads\/2023\/04\/Daikin-Altherma-ilma-vesilampopumppu-sisayksikko-1.jpg","contentUrl":"https:\/\/lviremes.fi\/wp-content\/uploads\/2023\/04\/Daikin-Altherma-ilma-vesilampopumppu-sisayksikko-1.jpg","width":2001,"height":1112},{"@type":"BreadcrumbList","@id":"https:\/\/lviremes.fi\/index.php\/ilma-vesi-lampopumput\/#breadcrumb","itemListElement":[{"@type":"ListItem","position":1,"name":"Etusivu","item":"https:\/\/lviremes.fi\/"},{"@type":"ListItem","position":2,"name":"Ilma-vesi l\u00e4mp\u00f6pumput"}]},{"@type":"WebSite","@id":"https:\/\/lviremes.fi\/#website","url":"https:\/\/lviremes.fi\/","name":"LVI Remes Oy","description":"LVI-asennus ja huolto Jyv&auml;skyl&auml;ss&auml;","publisher":{"@id":"https:\/\/lviremes.fi\/#organization"},"potentialAction":[{"@type":"SearchAction","target":{"@type":"EntryPoint","urlTemplate":"https:\/\/lviremes.fi\/?s={search_term_string}"},"query-input":{"@type":"PropertyValueSpecification","valueRequired":true,"valueName":"search_term_string"}}],"inLanguage":"fi"},{"@type":"Organization","@id":"https:\/\/lviremes.fi\/#organization","name":"LVI Remes Oy","url":"https:\/\/lviremes.fi\/","logo":{"@type":"ImageObject","inLanguage":"fi","@id":"https:\/\/lviremes.fi\/#\/schema\/logo\/image\/","url":"https:\/\/lviremes.fi\/wp-content\/uploads\/2022\/09\/cropped-sinilogot.png","contentUrl":"https:\/\/lviremes.fi\/wp-content\/uploads\/2022\/09\/cropped-sinilogot.png","width":1314,"height":250,"caption":"LVI Remes Oy"},"image":{"@id":"https:\/\/lviremes.fi\/#\/schema\/logo\/image\/"}}]}},"_links":{"self":[{"href":"https:\/\/lviremes.fi\/index.php\/wp-json\/wp\/v2\/pages\/182","targetHints":{"allow":["GET"]}}],"collection":[{"href":"https:\/\/lviremes.fi\/index.php\/wp-json\/wp\/v2\/pages"}],"about":[{"href":"https:\/\/lviremes.fi\/index.php\/wp-json\/wp\/v2\/types\/page"}],"author":[{"embeddable":true,"href":"https:\/\/lviremes.fi\/index.php\/wp-json\/wp\/v2\/users\/1"}],"replies":[{"embeddable":true,"href":"https:\/\/lviremes.fi\/index.php\/wp-json\/wp\/v2\/comments?post=182"}],"version-history":[{"count":3,"href":"https:\/\/lviremes.fi\/index.php\/wp-json\/wp\/v2\/pages\/182\/revisions"}],"predecessor-version":[{"id":848,"href":"https:\/\/lviremes.fi\/index.php\/wp-json\/wp\/v2\/pages\/182\/revisions\/848"}],"wp:attachment":[{"href":"https:\/\/lviremes.fi\/index.php\/wp-json\/wp\/v2\/media?parent=182"}],"curies":[{"name":"wp","href":"https:\/\/api.w.org\/{rel}","templated":true}]}}