{"id":173,"date":"2023-04-28T18:26:19","date_gmt":"2023-04-28T18:26:19","guid":{"rendered":"https:\/\/lviremes.fi\/?page_id=173"},"modified":"2024-11-02T20:47:21","modified_gmt":"2024-11-02T20:47:21","slug":"lammitysjarjestelmat","status":"publish","type":"page","link":"https:\/\/lviremes.fi\/index.php\/lammitysjarjestelmat\/","title":{"rendered":"L\u00e4mmitysj\u00e4rjestelm\u00e4t"},"content":{"rendered":"\n<p>Toimiva l\u00e4mmitysj\u00e4rjestelm\u00e4 takaa mukavan ja mutkattoman el\u00e4m\u00e4n kodissasi ymp\u00e4ri vuoden. L\u00e4mmitysratkaisut ovat oleellinen osa kodin viihtyvyytt\u00e4, ja oikeanlaisen j\u00e4rjestelm\u00e4n avulla voit s\u00e4\u00e4st\u00e4\u00e4 energiakustannuksissa sek\u00e4 pienent\u00e4\u00e4 ymp\u00e4rist\u00f6vaikutuksia. Tarjoamme kattavat l\u00e4mmitysj\u00e4rjestelm\u00e4n asennus- ja huoltopalvelut kaikenlaisiin kohteisiin, olipa kyseess\u00e4 uudiskohde tai vanhemman rakennuksen l\u00e4mmitysj\u00e4rjestelm\u00e4n p\u00e4ivitt\u00e4minen.<\/p>\n\n\n\n<p>Palveluihimme kuuluvat muun muassa vesikiertoisen patteri ja lattial\u00e4mmitysj\u00e4rjestelm\u00e4n asennus sek\u00e4 huonosti toimivan j\u00e4rjestelm\u00e4n vianetsint\u00e4 ja korjaus. Meill\u00e4 on kokemusta erilaisten l\u00e4mmitysmuotojen parissa ty\u00f6skentelyst\u00e4, ja osaamme suositella juuri sinun kotiisi sopivan ratkaisun. Lis\u00e4ksi tarjoamme s\u00e4\u00e4nn\u00f6llisi\u00e4 huoltopalveluja, joiden avulla varmistat, ett\u00e4 j\u00e4rjestelm\u00e4si toimii optimaalisesti ja sen k\u00e4ytt\u00f6ik\u00e4 pitenee. Olipa kyseess\u00e4 pieni s\u00e4\u00e4t\u00f6 tai suurempi remontti, olemme valmiina auttamaan.<\/p>\n\n\n\n<div class=\"wp-block-columns is-layout-flex wp-container-core-columns-is-layout-9d6595d7 wp-block-columns-is-layout-flex\">\n<div class=\"wp-block-column is-layout-flow wp-block-column-is-layout-flow\">\n<figure class=\"wp-block-image size-large\"><img fetchpriority=\"high\" decoding=\"async\" width=\"768\" height=\"1024\" src=\"https:\/\/lviremes.fi\/wp-content\/uploads\/2023\/04\/20220408_100258-768x1024.jpg\" alt=\"\" class=\"wp-image-177\" srcset=\"https:\/\/lviremes.fi\/wp-content\/uploads\/2023\/04\/20220408_100258-768x1024.jpg 768w, https:\/\/lviremes.fi\/wp-content\/uploads\/2023\/04\/20220408_100258-225x300.jpg 225w, https:\/\/lviremes.fi\/wp-content\/uploads\/2023\/04\/20220408_100258-1152x1536.jpg 1152w, https:\/\/lviremes.fi\/wp-content\/uploads\/2023\/04\/20220408_100258-1536x2048.jpg 1536w, https:\/\/lviremes.fi\/wp-content\/uploads\/2023\/04\/20220408_100258-scaled.jpg 1920w\" sizes=\"(max-width: 767px) 89vw, (max-width: 1000px) 54vw, (max-width: 1071px) 543px, 580px\" \/><\/figure>\n<\/div>\n<\/div>\n\n\n\n<div class=\"wp-block-buttons is-content-justification-right is-layout-flex wp-container-core-buttons-is-layout-765c4724 wp-block-buttons-is-layout-flex\">\n<div class=\"wp-block-button\"><a class=\"wp-block-button__link wp-element-button\" href=\"https:\/\/lviremes.fi\/index.php\/palvelut-2\/\">Takaisin<\/a><\/div>\n<\/div>\n","protected":false},"excerpt":{"rendered":"<p>Toimiva l\u00e4mmitysj\u00e4rjestelm\u00e4 takaa mukavan ja mutkattoman el\u00e4m\u00e4n kodissasi ymp\u00e4ri vuoden. L\u00e4mmitysratkaisut ovat oleellinen osa kodin viihtyvyytt\u00e4, ja oikeanlaisen j\u00e4rjestelm\u00e4n avulla voit s\u00e4\u00e4st\u00e4\u00e4 energiakustannuksissa sek\u00e4 pienent\u00e4\u00e4 ymp\u00e4rist\u00f6vaikutuksia. Tarjoamme kattavat l\u00e4mmitysj\u00e4rjestelm\u00e4n asennus- ja huoltopalvelut kaikenlaisiin kohteisiin, olipa kyseess\u00e4 uudiskohde tai vanhemman rakennuksen l\u00e4mmitysj\u00e4rjestelm\u00e4n p\u00e4ivitt\u00e4minen. Palveluihimme kuuluvat muun muassa vesikiertoisen patteri ja lattial\u00e4mmitysj\u00e4rjestelm\u00e4n asennus sek\u00e4 huonosti toimivan j\u00e4rjestelm\u00e4n &hellip; <\/p>\n<p class=\"link-more\"><a href=\"https:\/\/lviremes.fi\/index.php\/lammitysjarjestelmat\/\" class=\"more-link\">Jatka lukemista<span class=\"screen-reader-text\"> &#8221;L\u00e4mmitysj\u00e4rjestelm\u00e4t&#8221;<\/span><\/a><\/p>\n","protected":false},"author":1,"featured_media":0,"parent":0,"menu_order":0,"comment_status":"closed","ping_status":"closed","template":"","meta":{"footnotes":""},"class_list":["post-173","page","type-page","status-publish","hentry"],"yoast_head":"<!-- This site is optimized with the Yoast SEO plugin v27.4 - https:\/\/yoast.com\/product\/yoast-seo-wordpress\/ -->\n<title>L\u00e4mmitysj\u00e4rjestelm\u00e4t - LVI Remes Oy<\/title>\n<meta name=\"description\" content=\"Toimiva l\u00e4mmitysj\u00e4rjestelm\u00e4 takaa mukavan ja mutkattoman el\u00e4m\u00e4n kodissasi. Kauttamme l\u00e4mmitysj\u00e4rjestelmien asennus, s\u00e4\u00e4t\u00f6 ja huolto\" \/>\n<meta name=\"robots\" content=\"index, follow, max-snippet:-1, max-image-preview:large, max-video-preview:-1\" \/>\n<link rel=\"canonical\" href=\"https:\/\/lviremes.fi\/index.php\/lammitysjarjestelmat\/\" \/>\n<meta property=\"og:locale\" content=\"fi_FI\" \/>\n<meta property=\"og:type\" content=\"article\" \/>\n<meta property=\"og:title\" content=\"L\u00e4mmitysj\u00e4rjestelm\u00e4t - LVI Remes Oy\" \/>\n<meta property=\"og:description\" content=\"Toimiva l\u00e4mmitysj\u00e4rjestelm\u00e4 takaa mukavan ja mutkattoman el\u00e4m\u00e4n kodissasi. Kauttamme l\u00e4mmitysj\u00e4rjestelmien asennus, s\u00e4\u00e4t\u00f6 ja huolto\" \/>\n<meta property=\"og:url\" content=\"https:\/\/lviremes.fi\/index.php\/lammitysjarjestelmat\/\" \/>\n<meta property=\"og:site_name\" content=\"LVI Remes Oy\" \/>\n<meta property=\"article:modified_time\" content=\"2024-11-02T20:47:21+00:00\" \/>\n<meta property=\"og:image\" content=\"https:\/\/lviremes.fi\/wp-content\/uploads\/2023\/04\/20220408_100258-scaled.jpg\" \/>\n\t<meta property=\"og:image:width\" content=\"1920\" \/>\n\t<meta property=\"og:image:height\" content=\"2560\" \/>\n\t<meta property=\"og:image:type\" content=\"image\/jpeg\" \/>\n<meta name=\"twitter:card\" content=\"summary_large_image\" \/>\n<meta name=\"twitter:label1\" content=\"Arvioitu lukuaika\" \/>\n\t<meta name=\"twitter:data1\" content=\"1 minuutti\" \/>\n<script type=\"application\/ld+json\" class=\"yoast-schema-graph\">{\"@context\":\"https:\\\/\\\/schema.org\",\"@graph\":[{\"@type\":\"WebPage\",\"@id\":\"https:\\\/\\\/lviremes.fi\\\/index.php\\\/lammitysjarjestelmat\\\/\",\"url\":\"https:\\\/\\\/lviremes.fi\\\/index.php\\\/lammitysjarjestelmat\\\/\",\"name\":\"L\u00e4mmitysj\u00e4rjestelm\u00e4t - LVI Remes Oy\",\"isPartOf\":{\"@id\":\"https:\\\/\\\/lviremes.fi\\\/#website\"},\"primaryImageOfPage\":{\"@id\":\"https:\\\/\\\/lviremes.fi\\\/index.php\\\/lammitysjarjestelmat\\\/#primaryimage\"},\"image\":{\"@id\":\"https:\\\/\\\/lviremes.fi\\\/index.php\\\/lammitysjarjestelmat\\\/#primaryimage\"},\"thumbnailUrl\":\"https:\\\/\\\/lviremes.fi\\\/wp-content\\\/uploads\\\/2023\\\/04\\\/20220408_100258-768x1024.jpg\",\"datePublished\":\"2023-04-28T18:26:19+00:00\",\"dateModified\":\"2024-11-02T20:47:21+00:00\",\"description\":\"Toimiva l\u00e4mmitysj\u00e4rjestelm\u00e4 takaa mukavan ja mutkattoman el\u00e4m\u00e4n kodissasi. Kauttamme l\u00e4mmitysj\u00e4rjestelmien asennus, s\u00e4\u00e4t\u00f6 ja huolto\",\"breadcrumb\":{\"@id\":\"https:\\\/\\\/lviremes.fi\\\/index.php\\\/lammitysjarjestelmat\\\/#breadcrumb\"},\"inLanguage\":\"fi\",\"potentialAction\":[{\"@type\":\"ReadAction\",\"target\":[\"https:\\\/\\\/lviremes.fi\\\/index.php\\\/lammitysjarjestelmat\\\/\"]}]},{\"@type\":\"ImageObject\",\"inLanguage\":\"fi\",\"@id\":\"https:\\\/\\\/lviremes.fi\\\/index.php\\\/lammitysjarjestelmat\\\/#primaryimage\",\"url\":\"https:\\\/\\\/lviremes.fi\\\/wp-content\\\/uploads\\\/2023\\\/04\\\/20220408_100258-scaled.jpg\",\"contentUrl\":\"https:\\\/\\\/lviremes.fi\\\/wp-content\\\/uploads\\\/2023\\\/04\\\/20220408_100258-scaled.jpg\",\"width\":1920,\"height\":2560},{\"@type\":\"BreadcrumbList\",\"@id\":\"https:\\\/\\\/lviremes.fi\\\/index.php\\\/lammitysjarjestelmat\\\/#breadcrumb\",\"itemListElement\":[{\"@type\":\"ListItem\",\"position\":1,\"name\":\"Etusivu\",\"item\":\"https:\\\/\\\/lviremes.fi\\\/\"},{\"@type\":\"ListItem\",\"position\":2,\"name\":\"L\u00e4mmitysj\u00e4rjestelm\u00e4t\"}]},{\"@type\":\"WebSite\",\"@id\":\"https:\\\/\\\/lviremes.fi\\\/#website\",\"url\":\"https:\\\/\\\/lviremes.fi\\\/\",\"name\":\"LVI Remes Oy\",\"description\":\"LVI-asennus ja huolto Jyv&auml;skyl&auml;ss&auml;\",\"publisher\":{\"@id\":\"https:\\\/\\\/lviremes.fi\\\/#organization\"},\"potentialAction\":[{\"@type\":\"SearchAction\",\"target\":{\"@type\":\"EntryPoint\",\"urlTemplate\":\"https:\\\/\\\/lviremes.fi\\\/?s={search_term_string}\"},\"query-input\":{\"@type\":\"PropertyValueSpecification\",\"valueRequired\":true,\"valueName\":\"search_term_string\"}}],\"inLanguage\":\"fi\"},{\"@type\":\"Organization\",\"@id\":\"https:\\\/\\\/lviremes.fi\\\/#organization\",\"name\":\"LVI Remes Oy\",\"url\":\"https:\\\/\\\/lviremes.fi\\\/\",\"logo\":{\"@type\":\"ImageObject\",\"inLanguage\":\"fi\",\"@id\":\"https:\\\/\\\/lviremes.fi\\\/#\\\/schema\\\/logo\\\/image\\\/\",\"url\":\"https:\\\/\\\/lviremes.fi\\\/wp-content\\\/uploads\\\/2022\\\/09\\\/cropped-sinilogot.png\",\"contentUrl\":\"https:\\\/\\\/lviremes.fi\\\/wp-content\\\/uploads\\\/2022\\\/09\\\/cropped-sinilogot.png\",\"width\":1314,\"height\":250,\"caption\":\"LVI Remes Oy\"},\"image\":{\"@id\":\"https:\\\/\\\/lviremes.fi\\\/#\\\/schema\\\/logo\\\/image\\\/\"}}]}<\/script>\n<!-- \/ Yoast SEO plugin. -->","yoast_head_json":{"title":"L\u00e4mmitysj\u00e4rjestelm\u00e4t - LVI Remes Oy","description":"Toimiva l\u00e4mmitysj\u00e4rjestelm\u00e4 takaa mukavan ja mutkattoman el\u00e4m\u00e4n kodissasi. Kauttamme l\u00e4mmitysj\u00e4rjestelmien asennus, s\u00e4\u00e4t\u00f6 ja huolto","robots":{"index":"index","follow":"follow","max-snippet":"max-snippet:-1","max-image-preview":"max-image-preview:large","max-video-preview":"max-video-preview:-1"},"canonical":"https:\/\/lviremes.fi\/index.php\/lammitysjarjestelmat\/","og_locale":"fi_FI","og_type":"article","og_title":"L\u00e4mmitysj\u00e4rjestelm\u00e4t - LVI Remes Oy","og_description":"Toimiva l\u00e4mmitysj\u00e4rjestelm\u00e4 takaa mukavan ja mutkattoman el\u00e4m\u00e4n kodissasi. Kauttamme l\u00e4mmitysj\u00e4rjestelmien asennus, s\u00e4\u00e4t\u00f6 ja huolto","og_url":"https:\/\/lviremes.fi\/index.php\/lammitysjarjestelmat\/","og_site_name":"LVI Remes Oy","article_modified_time":"2024-11-02T20:47:21+00:00","og_image":[{"width":1920,"height":2560,"url":"https:\/\/lviremes.fi\/wp-content\/uploads\/2023\/04\/20220408_100258-scaled.jpg","type":"image\/jpeg"}],"twitter_card":"summary_large_image","twitter_misc":{"Arvioitu lukuaika":"1 minuutti"},"schema":{"@context":"https:\/\/schema.org","@graph":[{"@type":"WebPage","@id":"https:\/\/lviremes.fi\/index.php\/lammitysjarjestelmat\/","url":"https:\/\/lviremes.fi\/index.php\/lammitysjarjestelmat\/","name":"L\u00e4mmitysj\u00e4rjestelm\u00e4t - LVI Remes Oy","isPartOf":{"@id":"https:\/\/lviremes.fi\/#website"},"primaryImageOfPage":{"@id":"https:\/\/lviremes.fi\/index.php\/lammitysjarjestelmat\/#primaryimage"},"image":{"@id":"https:\/\/lviremes.fi\/index.php\/lammitysjarjestelmat\/#primaryimage"},"thumbnailUrl":"https:\/\/lviremes.fi\/wp-content\/uploads\/2023\/04\/20220408_100258-768x1024.jpg","datePublished":"2023-04-28T18:26:19+00:00","dateModified":"2024-11-02T20:47:21+00:00","description":"Toimiva l\u00e4mmitysj\u00e4rjestelm\u00e4 takaa mukavan ja mutkattoman el\u00e4m\u00e4n kodissasi. Kauttamme l\u00e4mmitysj\u00e4rjestelmien asennus, s\u00e4\u00e4t\u00f6 ja huolto","breadcrumb":{"@id":"https:\/\/lviremes.fi\/index.php\/lammitysjarjestelmat\/#breadcrumb"},"inLanguage":"fi","potentialAction":[{"@type":"ReadAction","target":["https:\/\/lviremes.fi\/index.php\/lammitysjarjestelmat\/"]}]},{"@type":"ImageObject","inLanguage":"fi","@id":"https:\/\/lviremes.fi\/index.php\/lammitysjarjestelmat\/#primaryimage","url":"https:\/\/lviremes.fi\/wp-content\/uploads\/2023\/04\/20220408_100258-scaled.jpg","contentUrl":"https:\/\/lviremes.fi\/wp-content\/uploads\/2023\/04\/20220408_100258-scaled.jpg","width":1920,"height":2560},{"@type":"BreadcrumbList","@id":"https:\/\/lviremes.fi\/index.php\/lammitysjarjestelmat\/#breadcrumb","itemListElement":[{"@type":"ListItem","position":1,"name":"Etusivu","item":"https:\/\/lviremes.fi\/"},{"@type":"ListItem","position":2,"name":"L\u00e4mmitysj\u00e4rjestelm\u00e4t"}]},{"@type":"WebSite","@id":"https:\/\/lviremes.fi\/#website","url":"https:\/\/lviremes.fi\/","name":"LVI Remes Oy","description":"LVI-asennus ja huolto Jyv&auml;skyl&auml;ss&auml;","publisher":{"@id":"https:\/\/lviremes.fi\/#organization"},"potentialAction":[{"@type":"SearchAction","target":{"@type":"EntryPoint","urlTemplate":"https:\/\/lviremes.fi\/?s={search_term_string}"},"query-input":{"@type":"PropertyValueSpecification","valueRequired":true,"valueName":"search_term_string"}}],"inLanguage":"fi"},{"@type":"Organization","@id":"https:\/\/lviremes.fi\/#organization","name":"LVI Remes Oy","url":"https:\/\/lviremes.fi\/","logo":{"@type":"ImageObject","inLanguage":"fi","@id":"https:\/\/lviremes.fi\/#\/schema\/logo\/image\/","url":"https:\/\/lviremes.fi\/wp-content\/uploads\/2022\/09\/cropped-sinilogot.png","contentUrl":"https:\/\/lviremes.fi\/wp-content\/uploads\/2022\/09\/cropped-sinilogot.png","width":1314,"height":250,"caption":"LVI Remes Oy"},"image":{"@id":"https:\/\/lviremes.fi\/#\/schema\/logo\/image\/"}}]}},"_links":{"self":[{"href":"https:\/\/lviremes.fi\/index.php\/wp-json\/wp\/v2\/pages\/173","targetHints":{"allow":["GET"]}}],"collection":[{"href":"https:\/\/lviremes.fi\/index.php\/wp-json\/wp\/v2\/pages"}],"about":[{"href":"https:\/\/lviremes.fi\/index.php\/wp-json\/wp\/v2\/types\/page"}],"author":[{"embeddable":true,"href":"https:\/\/lviremes.fi\/index.php\/wp-json\/wp\/v2\/users\/1"}],"replies":[{"embeddable":true,"href":"https:\/\/lviremes.fi\/index.php\/wp-json\/wp\/v2\/comments?post=173"}],"version-history":[{"count":0,"href":"https:\/\/lviremes.fi\/index.php\/wp-json\/wp\/v2\/pages\/173\/revisions"}],"wp:attachment":[{"href":"https:\/\/lviremes.fi\/index.php\/wp-json\/wp\/v2\/media?parent=173"}],"curies":[{"name":"wp","href":"https:\/\/api.w.org\/{rel}","templated":true}]}}