{"id":171,"date":"2023-04-28T18:25:57","date_gmt":"2023-04-28T18:25:57","guid":{"rendered":"https:\/\/lviremes.fi\/?page_id=171"},"modified":"2024-10-31T19:33:29","modified_gmt":"2024-10-31T19:33:29","slug":"kayttovesiputkisto-asennus","status":"publish","type":"page","link":"https:\/\/lviremes.fi\/index.php\/kayttovesiputkisto-asennus\/","title":{"rendered":"K\u00e4ytt\u00f6vesiputkisto"},"content":{"rendered":"\n<p>Toimiva ja tiivis k\u00e4ytt\u00f6vesiputkisto on terveen talon merkki. Olipa kyseess\u00e4 uudisrakennus tai vanhan j\u00e4rjestelm\u00e4n remontti, olemme valmiina auttamaan sinua valitsemaan parhaan tavan toteuttaa juuri sinun taloosi sopiva putkisto \u2013 ja juuri sinulle sopivalla budjetilla.<\/p>\n\n\n\n<p>Omakotitaloissa ja rivitaloissa suosittu tapa tehd\u00e4 putkiremontti on k\u00e4ytt\u00e4\u00e4 komposiittiputkea pinta-asennuksena. Asennustavan etuja ovat nopeus ja se, ett\u00e4 kiinteist\u00f6ss\u00e4 voidaan usein asua asennuksen aikana. Vesikatkoja ei tarvitse tehd\u00e4 ennen kuin j\u00e4rjestelm\u00e4 otetaan k\u00e4ytt\u00f6\u00f6n. K\u00e4yt\u00e4mme <a href=\"https:\/\/www.uponor.com\/fi-fi\/tuotejarjestelmat\/kayttovesiputkistot\/komposiittiputkisto\">Uponorin Unipipe<\/a>-komposiittiputkea, joka on pitk\u00e4\u00e4n k\u00e4ytetty ja toimivaksi todettu putki.<\/p>\n\n\n\n<p>Kauttamme saatavilla my\u00f6s OP rahoitus putkiremontille.<\/p>\n\n\n\n<p>K\u00e4ytt\u00f6vesij\u00e4rjestelm\u00e4n varustaminen paineenalennusventtiilill\u00e4 ja vesivuotovahdilla on suositeltavaa. Nykyisin suurin osa suomalaisista kotitalouksista ei ole varautunut vesivuotoihin, vaikka monet vahingot johtuvat rikkoutuneista kodinkoneista, eiv\u00e4tk\u00e4 vanhoista putkistoista. Vesivuotovahdin avulla t\u00e4llaiset vahingot voidaan ehk\u00e4ist\u00e4.<\/p>\n\n\n\n<p>LVI Remes Oy asentaa <a href=\"https:\/\/www.lksystems.fi\/fi\/jarjestelmaratkaisut\/vuodonilmaisuj%C3%A4rjestelm%C3%A4\/\">LK Systemsin vesivuotovahteja<\/a>, jotka tarkkailevat putkiston painetta ja virtausta. Laite suorittaa p\u00e4ivitt\u00e4in tiiveystestin sulkemalla j\u00e4rjestelm\u00e4n hetkellisesti, jolloin se havaitsee mahdolliset pienet vuodot. Putkirikon sattuessa laite sulkee vedentulon, mik\u00e4 est\u00e4\u00e4 suurempien vahinkojen syntymisen.<\/p>\n\n\n\n<div class=\"wp-block-buttons is-layout-flex wp-block-buttons-is-layout-flex\">\n<div class=\"wp-block-button\"><a class=\"wp-block-button__link wp-element-button\" href=\"https:\/\/lviremes.fi\/index.php\/rahoitus\/\">Rahoitus<\/a><\/div>\n<\/div>\n\n\n\n<div class=\"wp-block-columns are-vertically-aligned-bottom is-layout-flex wp-container-core-columns-is-layout-9d6595d7 wp-block-columns-is-layout-flex\">\n<div class=\"wp-block-column is-vertically-aligned-bottom is-layout-flow wp-block-column-is-layout-flow\">\n<figure class=\"wp-block-image size-large is-resized\"><img fetchpriority=\"high\" decoding=\"async\" width=\"454\" height=\"1024\" src=\"https:\/\/lviremes.fi\/wp-content\/uploads\/2023\/04\/20211222_100430-454x1024.jpg\" alt=\"\" class=\"wp-image-192\" style=\"width:319px;height:auto\" srcset=\"https:\/\/lviremes.fi\/wp-content\/uploads\/2023\/04\/20211222_100430-454x1024.jpg 454w, https:\/\/lviremes.fi\/wp-content\/uploads\/2023\/04\/20211222_100430-133x300.jpg 133w, https:\/\/lviremes.fi\/wp-content\/uploads\/2023\/04\/20211222_100430-768x1732.jpg 768w, https:\/\/lviremes.fi\/wp-content\/uploads\/2023\/04\/20211222_100430-681x1536.jpg 681w, https:\/\/lviremes.fi\/wp-content\/uploads\/2023\/04\/20211222_100430-908x2048.jpg 908w, https:\/\/lviremes.fi\/wp-content\/uploads\/2023\/04\/20211222_100430-scaled.jpg 1135w\" sizes=\"(max-width: 454px) 100vw, 454px\" \/><\/figure>\n<\/div>\n<\/div>\n\n\n\n<div class=\"wp-block-buttons is-content-justification-right is-layout-flex wp-container-core-buttons-is-layout-765c4724 wp-block-buttons-is-layout-flex\">\n<div class=\"wp-block-button\"><a class=\"wp-block-button__link wp-element-button\" href=\"https:\/\/lviremes.fi\/index.php\/palvelut-2\/\">Takaisin<\/a><\/div>\n<\/div>\n","protected":false},"excerpt":{"rendered":"<p>Toimiva ja tiivis k\u00e4ytt\u00f6vesiputkisto on terveen talon merkki. Olipa kyseess\u00e4 uudisrakennus tai vanhan j\u00e4rjestelm\u00e4n remontti, olemme valmiina auttamaan sinua valitsemaan parhaan tavan toteuttaa juuri sinun taloosi sopiva putkisto \u2013 ja juuri sinulle sopivalla budjetilla. Omakotitaloissa ja rivitaloissa suosittu tapa tehd\u00e4 putkiremontti on k\u00e4ytt\u00e4\u00e4 komposiittiputkea pinta-asennuksena. Asennustavan etuja ovat nopeus ja se, ett\u00e4 kiinteist\u00f6ss\u00e4 voidaan usein &hellip; <\/p>\n<p class=\"link-more\"><a href=\"https:\/\/lviremes.fi\/index.php\/kayttovesiputkisto-asennus\/\" class=\"more-link\">Jatka lukemista<span class=\"screen-reader-text\"> &#8221;K\u00e4ytt\u00f6vesiputkisto&#8221;<\/span><\/a><\/p>\n","protected":false},"author":1,"featured_media":0,"parent":0,"menu_order":0,"comment_status":"closed","ping_status":"closed","template":"","meta":{"footnotes":""},"class_list":["post-171","page","type-page","status-publish","hentry"],"yoast_head":"<!-- This site is optimized with the Yoast SEO plugin v27.4 - https:\/\/yoast.com\/product\/yoast-seo-wordpress\/ -->\n<title>K\u00e4ytt\u00f6vesiputkisto - LVI Remes Oy<\/title>\n<meta name=\"description\" content=\"K\u00e4ytt\u00f6vesiputkstojen asennus ja huolto\" \/>\n<meta name=\"robots\" content=\"index, follow, max-snippet:-1, max-image-preview:large, max-video-preview:-1\" \/>\n<link rel=\"canonical\" href=\"https:\/\/lviremes.fi\/index.php\/kayttovesiputkisto-asennus\/\" \/>\n<meta property=\"og:locale\" content=\"fi_FI\" \/>\n<meta property=\"og:type\" content=\"article\" \/>\n<meta property=\"og:title\" content=\"K\u00e4ytt\u00f6vesiputkisto - LVI Remes Oy\" \/>\n<meta property=\"og:description\" content=\"K\u00e4ytt\u00f6vesiputkstojen asennus ja huolto\" \/>\n<meta property=\"og:url\" content=\"https:\/\/lviremes.fi\/index.php\/kayttovesiputkisto-asennus\/\" \/>\n<meta property=\"og:site_name\" content=\"LVI Remes Oy\" \/>\n<meta property=\"article:modified_time\" content=\"2024-10-31T19:33:29+00:00\" \/>\n<meta property=\"og:image\" content=\"https:\/\/lviremes.fi\/wp-content\/uploads\/2023\/04\/20211222_100430-scaled.jpg\" \/>\n\t<meta property=\"og:image:width\" content=\"1135\" \/>\n\t<meta property=\"og:image:height\" content=\"2560\" \/>\n\t<meta property=\"og:image:type\" content=\"image\/jpeg\" \/>\n<meta name=\"twitter:card\" content=\"summary_large_image\" \/>\n<meta name=\"twitter:label1\" content=\"Arvioitu lukuaika\" \/>\n\t<meta name=\"twitter:data1\" content=\"2 minuuttia\" \/>\n<script type=\"application\/ld+json\" class=\"yoast-schema-graph\">{\"@context\":\"https:\\\/\\\/schema.org\",\"@graph\":[{\"@type\":\"WebPage\",\"@id\":\"https:\\\/\\\/lviremes.fi\\\/index.php\\\/kayttovesiputkisto-asennus\\\/\",\"url\":\"https:\\\/\\\/lviremes.fi\\\/index.php\\\/kayttovesiputkisto-asennus\\\/\",\"name\":\"K\u00e4ytt\u00f6vesiputkisto - LVI Remes Oy\",\"isPartOf\":{\"@id\":\"https:\\\/\\\/lviremes.fi\\\/#website\"},\"primaryImageOfPage\":{\"@id\":\"https:\\\/\\\/lviremes.fi\\\/index.php\\\/kayttovesiputkisto-asennus\\\/#primaryimage\"},\"image\":{\"@id\":\"https:\\\/\\\/lviremes.fi\\\/index.php\\\/kayttovesiputkisto-asennus\\\/#primaryimage\"},\"thumbnailUrl\":\"https:\\\/\\\/lviremes.fi\\\/wp-content\\\/uploads\\\/2023\\\/04\\\/20211222_100430-454x1024.jpg\",\"datePublished\":\"2023-04-28T18:25:57+00:00\",\"dateModified\":\"2024-10-31T19:33:29+00:00\",\"description\":\"K\u00e4ytt\u00f6vesiputkstojen asennus ja huolto\",\"breadcrumb\":{\"@id\":\"https:\\\/\\\/lviremes.fi\\\/index.php\\\/kayttovesiputkisto-asennus\\\/#breadcrumb\"},\"inLanguage\":\"fi\",\"potentialAction\":[{\"@type\":\"ReadAction\",\"target\":[\"https:\\\/\\\/lviremes.fi\\\/index.php\\\/kayttovesiputkisto-asennus\\\/\"]}]},{\"@type\":\"ImageObject\",\"inLanguage\":\"fi\",\"@id\":\"https:\\\/\\\/lviremes.fi\\\/index.php\\\/kayttovesiputkisto-asennus\\\/#primaryimage\",\"url\":\"https:\\\/\\\/lviremes.fi\\\/wp-content\\\/uploads\\\/2023\\\/04\\\/20211222_100430-scaled.jpg\",\"contentUrl\":\"https:\\\/\\\/lviremes.fi\\\/wp-content\\\/uploads\\\/2023\\\/04\\\/20211222_100430-scaled.jpg\",\"width\":1135,\"height\":2560},{\"@type\":\"BreadcrumbList\",\"@id\":\"https:\\\/\\\/lviremes.fi\\\/index.php\\\/kayttovesiputkisto-asennus\\\/#breadcrumb\",\"itemListElement\":[{\"@type\":\"ListItem\",\"position\":1,\"name\":\"Etusivu\",\"item\":\"https:\\\/\\\/lviremes.fi\\\/\"},{\"@type\":\"ListItem\",\"position\":2,\"name\":\"K\u00e4ytt\u00f6vesiputkisto\"}]},{\"@type\":\"WebSite\",\"@id\":\"https:\\\/\\\/lviremes.fi\\\/#website\",\"url\":\"https:\\\/\\\/lviremes.fi\\\/\",\"name\":\"LVI Remes Oy\",\"description\":\"LVI-asennus ja huolto Jyv&auml;skyl&auml;ss&auml;\",\"publisher\":{\"@id\":\"https:\\\/\\\/lviremes.fi\\\/#organization\"},\"potentialAction\":[{\"@type\":\"SearchAction\",\"target\":{\"@type\":\"EntryPoint\",\"urlTemplate\":\"https:\\\/\\\/lviremes.fi\\\/?s={search_term_string}\"},\"query-input\":{\"@type\":\"PropertyValueSpecification\",\"valueRequired\":true,\"valueName\":\"search_term_string\"}}],\"inLanguage\":\"fi\"},{\"@type\":\"Organization\",\"@id\":\"https:\\\/\\\/lviremes.fi\\\/#organization\",\"name\":\"LVI Remes Oy\",\"url\":\"https:\\\/\\\/lviremes.fi\\\/\",\"logo\":{\"@type\":\"ImageObject\",\"inLanguage\":\"fi\",\"@id\":\"https:\\\/\\\/lviremes.fi\\\/#\\\/schema\\\/logo\\\/image\\\/\",\"url\":\"https:\\\/\\\/lviremes.fi\\\/wp-content\\\/uploads\\\/2022\\\/09\\\/cropped-sinilogot.png\",\"contentUrl\":\"https:\\\/\\\/lviremes.fi\\\/wp-content\\\/uploads\\\/2022\\\/09\\\/cropped-sinilogot.png\",\"width\":1314,\"height\":250,\"caption\":\"LVI Remes Oy\"},\"image\":{\"@id\":\"https:\\\/\\\/lviremes.fi\\\/#\\\/schema\\\/logo\\\/image\\\/\"}}]}<\/script>\n<!-- \/ Yoast SEO plugin. -->","yoast_head_json":{"title":"K\u00e4ytt\u00f6vesiputkisto - LVI Remes Oy","description":"K\u00e4ytt\u00f6vesiputkstojen asennus ja huolto","robots":{"index":"index","follow":"follow","max-snippet":"max-snippet:-1","max-image-preview":"max-image-preview:large","max-video-preview":"max-video-preview:-1"},"canonical":"https:\/\/lviremes.fi\/index.php\/kayttovesiputkisto-asennus\/","og_locale":"fi_FI","og_type":"article","og_title":"K\u00e4ytt\u00f6vesiputkisto - LVI Remes Oy","og_description":"K\u00e4ytt\u00f6vesiputkstojen asennus ja huolto","og_url":"https:\/\/lviremes.fi\/index.php\/kayttovesiputkisto-asennus\/","og_site_name":"LVI Remes Oy","article_modified_time":"2024-10-31T19:33:29+00:00","og_image":[{"width":1135,"height":2560,"url":"https:\/\/lviremes.fi\/wp-content\/uploads\/2023\/04\/20211222_100430-scaled.jpg","type":"image\/jpeg"}],"twitter_card":"summary_large_image","twitter_misc":{"Arvioitu lukuaika":"2 minuuttia"},"schema":{"@context":"https:\/\/schema.org","@graph":[{"@type":"WebPage","@id":"https:\/\/lviremes.fi\/index.php\/kayttovesiputkisto-asennus\/","url":"https:\/\/lviremes.fi\/index.php\/kayttovesiputkisto-asennus\/","name":"K\u00e4ytt\u00f6vesiputkisto - LVI Remes Oy","isPartOf":{"@id":"https:\/\/lviremes.fi\/#website"},"primaryImageOfPage":{"@id":"https:\/\/lviremes.fi\/index.php\/kayttovesiputkisto-asennus\/#primaryimage"},"image":{"@id":"https:\/\/lviremes.fi\/index.php\/kayttovesiputkisto-asennus\/#primaryimage"},"thumbnailUrl":"https:\/\/lviremes.fi\/wp-content\/uploads\/2023\/04\/20211222_100430-454x1024.jpg","datePublished":"2023-04-28T18:25:57+00:00","dateModified":"2024-10-31T19:33:29+00:00","description":"K\u00e4ytt\u00f6vesiputkstojen asennus ja huolto","breadcrumb":{"@id":"https:\/\/lviremes.fi\/index.php\/kayttovesiputkisto-asennus\/#breadcrumb"},"inLanguage":"fi","potentialAction":[{"@type":"ReadAction","target":["https:\/\/lviremes.fi\/index.php\/kayttovesiputkisto-asennus\/"]}]},{"@type":"ImageObject","inLanguage":"fi","@id":"https:\/\/lviremes.fi\/index.php\/kayttovesiputkisto-asennus\/#primaryimage","url":"https:\/\/lviremes.fi\/wp-content\/uploads\/2023\/04\/20211222_100430-scaled.jpg","contentUrl":"https:\/\/lviremes.fi\/wp-content\/uploads\/2023\/04\/20211222_100430-scaled.jpg","width":1135,"height":2560},{"@type":"BreadcrumbList","@id":"https:\/\/lviremes.fi\/index.php\/kayttovesiputkisto-asennus\/#breadcrumb","itemListElement":[{"@type":"ListItem","position":1,"name":"Etusivu","item":"https:\/\/lviremes.fi\/"},{"@type":"ListItem","position":2,"name":"K\u00e4ytt\u00f6vesiputkisto"}]},{"@type":"WebSite","@id":"https:\/\/lviremes.fi\/#website","url":"https:\/\/lviremes.fi\/","name":"LVI Remes Oy","description":"LVI-asennus ja huolto Jyv&auml;skyl&auml;ss&auml;","publisher":{"@id":"https:\/\/lviremes.fi\/#organization"},"potentialAction":[{"@type":"SearchAction","target":{"@type":"EntryPoint","urlTemplate":"https:\/\/lviremes.fi\/?s={search_term_string}"},"query-input":{"@type":"PropertyValueSpecification","valueRequired":true,"valueName":"search_term_string"}}],"inLanguage":"fi"},{"@type":"Organization","@id":"https:\/\/lviremes.fi\/#organization","name":"LVI Remes Oy","url":"https:\/\/lviremes.fi\/","logo":{"@type":"ImageObject","inLanguage":"fi","@id":"https:\/\/lviremes.fi\/#\/schema\/logo\/image\/","url":"https:\/\/lviremes.fi\/wp-content\/uploads\/2022\/09\/cropped-sinilogot.png","contentUrl":"https:\/\/lviremes.fi\/wp-content\/uploads\/2022\/09\/cropped-sinilogot.png","width":1314,"height":250,"caption":"LVI Remes Oy"},"image":{"@id":"https:\/\/lviremes.fi\/#\/schema\/logo\/image\/"}}]}},"_links":{"self":[{"href":"https:\/\/lviremes.fi\/index.php\/wp-json\/wp\/v2\/pages\/171","targetHints":{"allow":["GET"]}}],"collection":[{"href":"https:\/\/lviremes.fi\/index.php\/wp-json\/wp\/v2\/pages"}],"about":[{"href":"https:\/\/lviremes.fi\/index.php\/wp-json\/wp\/v2\/types\/page"}],"author":[{"embeddable":true,"href":"https:\/\/lviremes.fi\/index.php\/wp-json\/wp\/v2\/users\/1"}],"replies":[{"embeddable":true,"href":"https:\/\/lviremes.fi\/index.php\/wp-json\/wp\/v2\/comments?post=171"}],"version-history":[{"count":0,"href":"https:\/\/lviremes.fi\/index.php\/wp-json\/wp\/v2\/pages\/171\/revisions"}],"wp:attachment":[{"href":"https:\/\/lviremes.fi\/index.php\/wp-json\/wp\/v2\/media?parent=171"}],"curies":[{"name":"wp","href":"https:\/\/api.w.org\/{rel}","templated":true}]}}